{"id":22165,"date":"2026-03-31T20:29:30","date_gmt":"2026-03-31T20:29:30","guid":{"rendered":"https:\/\/www.ariatravelalbania.com\/?page_id=22165"},"modified":"2026-03-31T21:36:13","modified_gmt":"2026-03-31T21:36:13","slug":"autisti-esecutivi-di-roditori-in-albania","status":"publish","type":"page","link":"https:\/\/www.ariatravelalbania.com\/it\/mice-executive-transportation-in-albania\/","title":{"rendered":"MICE &amp; Trasporti Executive in Albania"},"content":{"rendered":"<div data-elementor-type=\"wp-page\" data-elementor-id=\"22165\" class=\"elementor elementor-22165\">\n\t\t\t\t<div class=\"elementor-element elementor-element-69cd6153 e-flex e-con-boxed e-con e-parent\" data-id=\"69cd6153\" data-element_type=\"container\" data-e-type=\"container\">\n\t\t\t\t\t<div class=\"e-con-inner\">\n\t\t\t\t<div class=\"elementor-element elementor-element-09a39d1 elementor-arrows-position-inside elementor-pagination-position-outside elementor-widget elementor-widget-image-carousel\" data-id=\"09a39d1\" data-element_type=\"widget\" data-e-type=\"widget\" data-settings=\"{&quot;navigation&quot;:&quot;both&quot;,&quot;autoplay&quot;:&quot;yes&quot;,&quot;pause_on_hover&quot;:&quot;yes&quot;,&quot;pause_on_interaction&quot;:&quot;yes&quot;,&quot;autoplay_speed&quot;:5000,&quot;infinite&quot;:&quot;yes&quot;,&quot;speed&quot;:500}\" data-widget_type=\"image-carousel.default\">\n\t\t\t\t<div class=\"elementor-widget-container\">\n\t\t\t\t\t\t\t<div class=\"elementor-image-carousel-wrapper swiper\" role=\"region\" aria-roledescription=\"carousel\" aria-label=\"Carosello di immagini\" dir=\"ltr\">\n\t\t\t<div class=\"elementor-image-carousel swiper-wrapper\" aria-live=\"off\">\n\t\t\t\t\t\t\t\t<div class=\"swiper-slide\" role=\"group\" aria-roledescription=\"slide\" aria-label=\"1 von 19\" data-no-translation-aria-label=\"\"><figure class=\"swiper-slide-inner\"><img decoding=\"async\" class=\"swiper-slide-image\" src=\"https:\/\/www.ariatravelalbania.com\/wp-content\/uploads\/2026\/03\/meeting-incentives-conferences-events-tirana-5-300x300.png\" alt=\"incentivi riunioni conferenze eventi Tirana\" title=\"\"><\/figure><\/div><div class=\"swiper-slide\" role=\"group\" aria-roledescription=\"slide\" aria-label=\"2 von 19\" data-no-translation-aria-label=\"\"><figure class=\"swiper-slide-inner\"><img decoding=\"async\" class=\"swiper-slide-image\" src=\"https:\/\/www.ariatravelalbania.com\/wp-content\/uploads\/2026\/03\/meeting-incentives-conferences-events-tirana-300x300.jpg\" alt=\"incentivi riunioni conferenze eventi Tirana\" title=\"\"><\/figure><\/div><div class=\"swiper-slide\" role=\"group\" aria-roledescription=\"slide\" aria-label=\"3 von 19\" data-no-translation-aria-label=\"\"><figure class=\"swiper-slide-inner\"><img decoding=\"async\" class=\"swiper-slide-image\" src=\"https:\/\/www.ariatravelalbania.com\/wp-content\/uploads\/2026\/03\/meeting-incentives-conferences-events-tirana-3-1-300x300.jpeg\" alt=\"incentivi riunioni conferenze eventi Tirana\" title=\"\"><\/figure><\/div><div class=\"swiper-slide\" role=\"group\" aria-roledescription=\"slide\" aria-label=\"4 von 19\" data-no-translation-aria-label=\"\"><figure class=\"swiper-slide-inner\"><img decoding=\"async\" class=\"swiper-slide-image\" src=\"https:\/\/www.ariatravelalbania.com\/wp-content\/uploads\/2026\/03\/Aria-Travel-luxury-MICE-2-300x300.webp\" alt=\"incentivi riunioni conferenze eventi Tirana\" title=\"\"><\/figure><\/div><div class=\"swiper-slide\" role=\"group\" aria-roledescription=\"slide\" aria-label=\"5 von 19\" data-no-translation-aria-label=\"\"><figure class=\"swiper-slide-inner\"><img decoding=\"async\" class=\"swiper-slide-image\" src=\"https:\/\/www.ariatravelalbania.com\/wp-content\/uploads\/2026\/03\/meeting-incentives-conferences-events-tirana-6-300x300.jpeg\" alt=\"meeting incentivi conferenze eventi tirana 6\" title=\"\"><\/figure><\/div><div class=\"swiper-slide\" role=\"group\" aria-roledescription=\"slide\" aria-label=\"6 von 19\" data-no-translation-aria-label=\"\"><figure class=\"swiper-slide-inner\"><img decoding=\"async\" class=\"swiper-slide-image\" src=\"https:\/\/www.ariatravelalbania.com\/wp-content\/uploads\/2026\/03\/meeting-incentives-conferences-events-tirana-4-300x300.jpg\" alt=\"incentivi riunioni conferenze eventi Tirana\" title=\"\"><\/figure><\/div><div class=\"swiper-slide\" role=\"group\" aria-roledescription=\"slide\" aria-label=\"7 von 19\" data-no-translation-aria-label=\"\"><figure class=\"swiper-slide-inner\"><img decoding=\"async\" class=\"swiper-slide-image\" src=\"https:\/\/www.ariatravelalbania.com\/wp-content\/uploads\/2026\/03\/meeting-incentives-conferences-events-tirana-300x300.webp\" alt=\"incentivi riunioni conferenze eventi Tirana\" title=\"\"><\/figure><\/div><div class=\"swiper-slide\" role=\"group\" aria-roledescription=\"slide\" aria-label=\"8 von 19\" data-no-translation-aria-label=\"\"><figure class=\"swiper-slide-inner\"><img decoding=\"async\" class=\"swiper-slide-image\" src=\"https:\/\/www.ariatravelalbania.com\/wp-content\/uploads\/2026\/03\/meeting-incentives-conferences-events-tirana-2-300x300.jpg\" alt=\"incentivi riunioni conferenze eventi Tirana\" title=\"\"><\/figure><\/div><div class=\"swiper-slide\" role=\"group\" aria-roledescription=\"slide\" aria-label=\"9 von 19\" data-no-translation-aria-label=\"\"><figure class=\"swiper-slide-inner\"><img decoding=\"async\" class=\"swiper-slide-image\" src=\"https:\/\/www.ariatravelalbania.com\/wp-content\/uploads\/2026\/03\/Aria-Travel-luxury-MICE-300x300.webp\" alt=\"incentivi riunioni conferenze eventi Tirana\" title=\"\"><\/figure><\/div><div class=\"swiper-slide\" role=\"group\" aria-roledescription=\"slide\" aria-label=\"10 von 19\" data-no-translation-aria-label=\"\"><figure class=\"swiper-slide-inner\"><img decoding=\"async\" class=\"swiper-slide-image\" src=\"https:\/\/www.ariatravelalbania.com\/wp-content\/uploads\/2025\/07\/Mercedes-Benz-S-Class-Albania-2-300x300.jpeg\" alt=\"Mercedes Benz Classe S Albania (2)\" title=\"\"><\/figure><\/div><div class=\"swiper-slide\" role=\"group\" aria-roledescription=\"slide\" aria-label=\"11 von 19\" data-no-translation-aria-label=\"\"><figure class=\"swiper-slide-inner\"><img decoding=\"async\" class=\"swiper-slide-image\" src=\"https:\/\/www.ariatravelalbania.com\/wp-content\/uploads\/2025\/07\/Mercedes-Benz-S-Class-Albania-3-300x300.jpeg\" alt=\"Mercedes Benz Classe S Albania (3)\" title=\"\"><\/figure><\/div><div class=\"swiper-slide\" role=\"group\" aria-roledescription=\"slide\" aria-label=\"12 von 19\" data-no-translation-aria-label=\"\"><figure class=\"swiper-slide-inner\"><img decoding=\"async\" class=\"swiper-slide-image\" src=\"https:\/\/www.ariatravelalbania.com\/wp-content\/uploads\/2025\/07\/Mercedes-Benz-S-Class-Albania-4-300x300.jpeg\" alt=\"Mercedes Benz Classe S Albania (4)\" title=\"\"><\/figure><\/div><div class=\"swiper-slide\" role=\"group\" aria-roledescription=\"slide\" aria-label=\"13 von 19\" data-no-translation-aria-label=\"\"><figure class=\"swiper-slide-inner\"><img decoding=\"async\" class=\"swiper-slide-image\" src=\"https:\/\/www.ariatravelalbania.com\/wp-content\/uploads\/2025\/11\/Albania-Vip-Transport-Mercedes-S-Class-300x300.jpeg\" alt=\"Trasporto di lusso in Albania\" title=\"\"><\/figure><\/div><div class=\"swiper-slide\" role=\"group\" aria-roledescription=\"slide\" aria-label=\"14 von 19\" data-no-translation-aria-label=\"\"><figure class=\"swiper-slide-inner\"><img decoding=\"async\" class=\"swiper-slide-image\" src=\"https:\/\/www.ariatravelalbania.com\/wp-content\/uploads\/2024\/04\/MERCEDES-BENZ-V-CLASS-3-300x300.jpg\" alt=\"MERCEDES BENZ CLASSE V\" title=\"\"><\/figure><\/div><div class=\"swiper-slide\" role=\"group\" aria-roledescription=\"slide\" aria-label=\"15 von 19\" data-no-translation-aria-label=\"\"><figure class=\"swiper-slide-inner\"><img decoding=\"async\" class=\"swiper-slide-image\" src=\"https:\/\/www.ariatravelalbania.com\/wp-content\/uploads\/2024\/04\/Mercedes-Benz-V-class-Albania-2-300x300.jpeg\" alt=\"Mercedes Benz Classe V Albania\" title=\"\"><\/figure><\/div><div class=\"swiper-slide\" role=\"group\" aria-roledescription=\"slide\" aria-label=\"16 von 19\" data-no-translation-aria-label=\"\"><figure class=\"swiper-slide-inner\"><img decoding=\"async\" class=\"swiper-slide-image\" src=\"https:\/\/www.ariatravelalbania.com\/wp-content\/uploads\/2024\/04\/Mercedes-Benz-V-class-Albania-4-300x300.jpeg\" alt=\"Mercedes Benz Classe V Albania\" title=\"\"><\/figure><\/div><div class=\"swiper-slide\" role=\"group\" aria-roledescription=\"slide\" aria-label=\"17 von 19\" data-no-translation-aria-label=\"\"><figure class=\"swiper-slide-inner\"><img decoding=\"async\" class=\"swiper-slide-image\" src=\"https:\/\/www.ariatravelalbania.com\/wp-content\/uploads\/2024\/04\/Mercedes-Sprinter-Bus-year-2022-4-300x300.jpg\" alt=\"Autobus Mercedes Sprinter anno 2022\" title=\"\"><\/figure><\/div><div class=\"swiper-slide\" role=\"group\" aria-roledescription=\"slide\" aria-label=\"18 von 19\" data-no-translation-aria-label=\"\"><figure class=\"swiper-slide-inner\"><img decoding=\"async\" class=\"swiper-slide-image\" src=\"https:\/\/www.ariatravelalbania.com\/wp-content\/uploads\/2024\/04\/MERCEDES-BENZ-SPRINTER-BUS-3-300x300.jpg\" alt=\"AUTOBUS MERCEDES BENZ SPRINTER\" title=\"\"><\/figure><\/div><div class=\"swiper-slide\" role=\"group\" aria-roledescription=\"slide\" aria-label=\"19 von 19\" data-no-translation-aria-label=\"\"><figure class=\"swiper-slide-inner\"><img decoding=\"async\" class=\"swiper-slide-image\" src=\"https:\/\/www.ariatravelalbania.com\/wp-content\/uploads\/2025\/01\/Aria-Travel-Luxury-Mercedes-Setra-Albania-1-300x300.jpeg\" alt=\"Aria Travel Mercedes di lusso Setra Albania\" title=\"\"><\/figure><\/div>\t\t\t<\/div>\n\t\t\t\t\t\t\t\t\t\t\t\t<div class=\"elementor-swiper-button elementor-swiper-button-prev\" role=\"button\" tabindex=\"0\">\n\t\t\t\t\t\t<svg aria-hidden=\"true\" class=\"e-font-icon-svg e-eicon-chevron-left\" viewbox=\"0 0 1000 1000\" xmlns=\"http:\/\/www.w3.org\/2000\/svg\"><path d=\"M646 125C629 125 613 133 604 142L308 442C296 454 292 471 292 487 292 504 296 521 308 533L604 854C617 867 629 875 646 875 663 875 679 871 692 858 704 846 713 829 713 812 713 796 708 779 692 767L438 487 692 225C700 217 708 204 708 187 708 171 704 154 692 142 675 129 663 125 646 125Z\"><\/path><\/svg>\t\t\t\t\t<\/div>\n\t\t\t\t\t<div class=\"elementor-swiper-button elementor-swiper-button-next\" role=\"button\" tabindex=\"0\">\n\t\t\t\t\t\t<svg aria-hidden=\"true\" class=\"e-font-icon-svg e-eicon-chevron-right\" viewbox=\"0 0 1000 1000\" xmlns=\"http:\/\/www.w3.org\/2000\/svg\"><path d=\"M696 533C708 521 713 504 713 487 713 471 708 454 696 446L400 146C388 133 375 125 354 125 338 125 325 129 313 142 300 154 292 171 292 187 292 204 296 221 308 233L563 492 304 771C292 783 288 800 288 817 288 833 296 850 308 863 321 871 338 875 354 875 371 875 388 867 400 854L696 533Z\"><\/path><\/svg>\t\t\t\t\t<\/div>\n\t\t\t\t\n\t\t\t\t\t\t\t\t\t<div class=\"swiper-pagination\"><\/div>\n\t\t\t\t\t\t\t\t\t<\/div>\n\t\t\t\t\t\t<\/div>\n\t\t\t\t<\/div>\n\t\t\t\t<div class=\"elementor-element elementor-element-1892f6a4 elementor-widget elementor-widget-text-editor\" data-id=\"1892f6a4\" data-element_type=\"widget\" data-e-type=\"widget\" data-widget_type=\"text-editor.default\">\n\t\t\t\t<div class=\"elementor-widget-container\">\n\t\t\t\t\t\t\t\t\t<h2 style=\"text-align: left;\">MICE &amp; Trasporti Executive in Albania<\/h2><p><em>Logistica MICE su misura, trasferimenti executive e servizi di autista di lusso in Albania, Montenegro, Kosovo e nei Balcani in generale.<\/em><\/p><p>Aria Travel Albania consegna <strong>servizi di trasporto MICE premium e chauffeur executive<\/strong> per eventi aziendali, viaggi incentive, delegazioni VIP e itinerari d'affari di pi\u00f9 giorni nei Balcani. Da <strong>trasferimenti aeroportuali a Tirana<\/strong> a <strong>logistica transfrontaliera tra Albania, Montenegro e Kosovo<\/strong>, forniamo un coordinamento impeccabile con un approccio boutique e di alto livello.<\/p><h2>La nostra esperienza MICE<\/h2><p>Aria Travel Albania sa che gli eventi aziendali e i viaggi incentive richiedono precisione, discrezione e un'esecuzione impeccabile. Forniamo molto di pi\u00f9 del semplice trasporto. Forniamo una partnership logistica completa pensata per pianificatori, agenzie e team esecutivi.\u00a0<\/p><ul><li><strong>Gestione delle deleghe<\/strong> con arrivi e partenze coordinati, incluso il monitoraggio dei voli in tempo reale<\/li><li><strong>Soluzioni navetta<\/strong> tra alberghi, sedi di conferenze, luoghi di gala e spazi per riunioni<\/li><li><strong>Trasporto per viaggi incentive<\/strong> per esperienze premium, dalle visite in vigna ai ritiri in montagna<\/li><li><strong>Servizi chauffeur per VIP<\/strong> per relatori, dirigenti e ospiti di alto livello<\/li><li><strong>Opzioni di trasporto personalizzate<\/strong> per una presenza aziendale curata e coerente durante gli eventi<\/li><\/ul><h2>L'Aria Elite Fleet\u00a0<\/h2><p>La nostra flotta si presenta per soddisfare le aspettative dei viaggiatori d'affari moderni: impeccabile, confortevole e pronta sia per brevi trasferimenti che per viaggi regionali di pi\u00f9 giorni.<\/p><table width=\"100%\"><thead><tr><td width=\"85\">Classe del veicolo<\/td><td width=\"35\">Capacit\u00e0<\/td><td width=\"408\">Caratteristiche<\/td><\/tr><\/thead><tbody><tr><td width=\"85\"><strong>Berlina Executive<\/strong><\/td><td width=\"35\">1-3 Pax<\/td><td width=\"408\">Interni in pelle, climatizzatore, acqua in bottiglia, ideale per relatori VIP e trasferimenti privati per dirigenti<\/td><\/tr><tr><td width=\"85\"><strong>SUV di lusso<\/strong><\/td><td width=\"35\">1\u20134 Persona<\/td><td width=\"408\">Comfort di lusso, flessibilit\u00e0 di percorso panoramico, ideale per tour VIP e viaggi transfrontalieri<\/td><\/tr><tr><td width=\"85\"><strong>Monovolume Premium<\/strong><\/td><td width=\"35\">5\u20137 Persone<\/td><td width=\"408\">Stile Mercedes Classe V, sedili spaziosi, eccellente per piccole delegazioni e riunioni in movimento<\/td><\/tr><tr><td width=\"85\"><strong>Executive Sprinter<\/strong><\/td><td width=\"35\">8-19 Pax<\/td><td width=\"408\">Grande capacit\u00e0 di bagaglio, comfort premium, Wi-Fi ad alta velocit\u00e0 per gruppi di lavoro<\/td><\/tr><tr><td width=\"85\"><strong>Pullman Gran Turismo VIP<\/strong><\/td><td width=\"35\">20\u201350 Pers.<\/td><td width=\"408\">Comfort a 5 stelle per conferenze, gruppi di incentivazione e grandi delegazioni aziendali<\/td><\/tr><\/tbody><\/table><h2>\u00a0<\/h2><h2>Eccellenza Regionale nei Balcani<\/h2><p>Ci\u00f2 che distingue Aria Travel Albania \u00e8 la nostra capacit\u00e0 di gestire <strong>trasporto esecutivo transfrontaliero nei Balcani<\/strong> con sicurezza e cura. Supportiamo itinerari multi-paese che collegano l'Albania con destinazioni confinanti, mantenendo un'esperienza ospite di prim'ordine durante tutto il viaggio.<\/p><ul><li><strong>Coordinamento transfrontaliero<\/strong> per viaggiare tra Albania, Montenegro, Kosovo e Macedonia del Nord<\/li><li><strong>Gestione permessi e percorsi<\/strong> per supportare operazioni regionali fluide<\/li><li><strong>Autisti multilingue e coordinamento locale<\/strong> per una comunicazione chiara e un servizio affidabile<\/li><li><strong>assistenza di spedizione 24 ore su 24, 7 giorni su 7<\/strong> per la tranquillit\u00e0 in ogni fase del viaggio<\/li><li><strong>Obbligo di diligenza e soluzioni di trasporto assicurate<\/strong> per i viaggiatori d'affari e gli organizzatori di eventi<\/li><\/ul><h2>Hub Principali Che Serviamo<\/h2><p>Forniamo servizi di transfer esecutivo e trasporti MICE nei principali hub commerciali e di viaggio, tra cui:<\/p><ul><li><strong>Tirana<\/strong><\/li><li><strong>Aeroporto Madre Teresa (TIA)<\/strong><\/li><li><strong>Durazzo<\/strong><\/li><li><strong>Scutari<\/strong><\/li><li><strong>Valona<\/strong><\/li><li><strong>Peje, Kosovo<\/strong><\/li><li><strong>Pristina, Kosovo<\/strong><\/li><\/ul><p>Che tu abbia bisogno di <strong>autista di lusso a Tirana<\/strong>, a <strong>trasferimento aziendale in aeroporto in Albania<\/strong>, o un piano di trasporto regionale plurigiornaliero, il nostro team garantisce che ogni spostamento venga gestito con professionalit\u00e0 e precisione.<\/p><h2>Perch\u00e9 Aria Travel Albania<\/h2><p>Aria Travel Albania unisce l'efficienza richiesta per la logistica aziendale con il calore e la raffinatezza di un operatore boutique balcanico.<\/p><ul><li><strong>Pianificazione su misura<\/strong> per ogni delegazione, itinerario e programma di eventi<\/li><li><strong>Profonda conoscenza regionale<\/strong> in Albania e nei Balcani<\/li><li><strong>Standard di servizio premium<\/strong> con una mentalit\u00e0 di ospitalit\u00e0 boutique<\/li><li><strong>Supporto affidabile sul campo<\/strong> prima, durante e dopo ogni viaggio<\/li><li><strong>Soluzioni flessibili<\/strong> per conferenze, viaggi d'affari, viaggi incentive e spostamenti VIP<\/li><\/ul><h2>Stai pianificando un evento?<\/h2><p>Lascia che il nostro team di logistica si occupi dei dettagli. Creiamo piani personalizzati per eventi fieristici, visite di dirigenti, programmi di incentivi e viaggi aziendali transfrontalieri.<\/p><p><strong>Richiedi un preventivo MICE<\/strong> e lasciate che progettiamo una soluzione di trasporto senza soluzione di continuit\u00e0 e di alto livello per il vostro prossimo evento in Albania e nei Balcani.<\/p><h2>Domande frequenti<\/h2><h3>1. Fornite trasporti MICE in Albania per conferenze ed eventi aziendali?<\/h3><p>S\u00ec. Aria Travel Albania fornisce servizi di trasporto MICE personalizzati per conferenze, riunioni aziendali, viaggi incentive, eventi di gala, mostre e viaggi d'affari esecutivi in tutta l'Albania e nei Balcani. Coordiniamo arrivi in aeroporto, trasferimenti da e per le sedi, navette alberghiere e logistica completa per il trasporto di eventi.<\/p><h3>2. Potete organizzare un trasporto esecutivo transfrontaliero tra Albania, Montenegro e Kosovo?<\/h3><p>S\u00ec. Offriamo un servizio di trasporto executive transfrontaliero tra Albania, Montenegro, Kosovo e altre destinazioni balcaniche. Il nostro team gestisce la pianificazione dei percorsi, la programmazione e il coordinamento operativo per garantire viaggi fluidi a gruppi aziendali, ospiti VIP e delegazioni commerciali.<\/p><h3>3. Offrite transfer dall'aeroporto internazionale di Tirana?<\/h3><p>S\u00ec. Forniamo trasferimenti aeroportuali executive dall'aeroporto internazionale di Tirana (TIA) per singoli, viaggiatori d'affari, ospiti VIP e gruppi. Organizziamo anche il servizio di accoglienza, la programmazione basata sui voli e i trasferimenti successivi verso hotel, sedi e destinazioni in tutta l'Albania.<\/p><h3>4. Potete gestire il trasporto per grandi delegazioni e gruppi aziendali?<\/h3><p>S\u00ec. Aria Travel Albania pu\u00f2 gestire il trasporto di grandi delegazioni, conferenze, gruppi aziendali ed eventi incentivanti. Offriamo soluzioni di trasporto scalabili, tra cui berline executive, SUV di lusso, minivan premium, sprinter e autobus, a seconda delle dimensioni del gruppo e dei requisiti dell'evento.<\/p><h3>5. I suoi autisti parlano inglese?<\/h3><p>S\u00ec. Lavoriamo con autisti e coordinatori professionisti che possono assistere i viaggiatori internazionali in inglese e facilitare una comunicazione fluida durante il viaggio.<\/p><h3>6. Che tipi di veicoli offrite per il trasporto executive e per eventi?<\/h3><p>La nostra flotta comprende berline Mercedes Benz Classe S e Audi A8 executive per viaggiatori individuali, SUV Toyota Land Cruiser di lusso per trasferimenti premium, minivan Mercedes Benz Classe V premium per piccoli gruppi, Mercedes Benz Sprinter executive per delegazioni di medie dimensioni e autobus Mercedes Benz Setra per grandi eventi e conferenze.<\/p><h3>7. Quali destinazioni e hub servite?<\/h3><p>Serviamo destinazioni chiave e snodi di trasporto in tutta l'Albania e nei Balcani, tra cui Tirana, Aeroporto Internazionale di Tirana, Durazzo, Valona, Argirocastro, Scutari, Budva, Cattaro, Peja e Pristina, Skopje. I servizi sono personalizzati per ogni itinerario, evento o programma di lavoro.<\/p><h3>8. Fornite servizi di autista per VIP ed esecutivi?<\/h3><p>S\u00ec. Offriamo servizi di autista di prima classe per dirigenti, oratori, diplomatici, ospiti VIP e viaggiatori privati che richiedono comfort, discrezione, affidabilit\u00e0 e un supporto professionale a terra.<\/p><h3>9. Potete coordinare il trasporto per viaggi incentive e eventi multi-giorno?<\/h3><p>S\u00ec. Coordinariamo la logistica dei trasporti per programmi di incentivi, ritiri aziendali, roadshow ed eventi aziendali di pi\u00f9 giorni. Ci\u00f2 include arrivi in aeroporto, trasferimenti giornalieri, spostamenti tra sedi, trasporto per serate di gala e spostamenti regionali attraverso pi\u00f9 destinazioni.<\/p><h3>10. Fornite assistenza 24 ore su 24, 7 giorni su 7 durante eventi, tour e trasferimenti?<\/h3><p>S\u00ec. Il nostro team fornisce supporto operativo 24 ore su 24, 7 giorni su 7 per servizi di MICE, Guida Executive e Trasporti, aiutando i clienti a gestire cambi di programma, aggiornamenti sui voli e coordinamento in tempo reale durante il viaggio o l'evento.\u00a0<\/p>\t\t\t\t\t\t\t\t<\/div>\n\t\t\t\t<\/div>\n\t\t\t\t\t<\/div>\n\t\t\t\t<\/div>\n\t\t\t\t<\/div>","protected":false},"excerpt":{"rendered":"<p>MICE &amp; Executive Transportation in Albania Bespoke MICE logistics, executive transfers, and premium chauffeur services across Albania, Montenegro, Kosovo, and the wider Balkans. Aria Travel Albania delivers premium MICE transport and executive chauffeur services for corporate events, incentive travel, VIP delegations, and multi-day business itineraries across the Balkans. From airport transfers in Tirana to cross-border [&hellip;]<\/p>\n","protected":false},"author":1,"featured_media":22168,"parent":0,"menu_order":0,"comment_status":"closed","ping_status":"closed","template":"","meta":{"footnotes":""},"class_list":["post-22165","page","type-page","status-publish","has-post-thumbnail","hentry"],"_hostinger_reach_plugin_has_subscription_block":false,"_hostinger_reach_plugin_is_elementor":false,"_links":{"self":[{"href":"https:\/\/www.ariatravelalbania.com\/it\/wp-json\/wp\/v2\/pages\/22165","targetHints":{"allow":["GET"]}}],"collection":[{"href":"https:\/\/www.ariatravelalbania.com\/it\/wp-json\/wp\/v2\/pages"}],"about":[{"href":"https:\/\/www.ariatravelalbania.com\/it\/wp-json\/wp\/v2\/types\/page"}],"author":[{"embeddable":true,"href":"https:\/\/www.ariatravelalbania.com\/it\/wp-json\/wp\/v2\/users\/1"}],"replies":[{"embeddable":true,"href":"https:\/\/www.ariatravelalbania.com\/it\/wp-json\/wp\/v2\/comments?post=22165"}],"version-history":[{"count":0,"href":"https:\/\/www.ariatravelalbania.com\/it\/wp-json\/wp\/v2\/pages\/22165\/revisions"}],"wp:featuredmedia":[{"embeddable":true,"href":"https:\/\/www.ariatravelalbania.com\/it\/wp-json\/wp\/v2\/media\/22168"}],"wp:attachment":[{"href":"https:\/\/www.ariatravelalbania.com\/it\/wp-json\/wp\/v2\/media?parent=22165"}],"curies":[{"name":"wp","href":"https:\/\/api.w.org\/{rel}","templated":true}]}}