{"id":21249,"date":"2025-11-14T10:16:08","date_gmt":"2025-11-14T10:16:08","guid":{"rendered":"https:\/\/www.ariatravelalbania.com\/?page_id=21249"},"modified":"2025-11-14T10:16:08","modified_gmt":"2025-11-14T10:16:08","slug":"albania-trasporto-di-lusso","status":"publish","type":"page","link":"https:\/\/www.ariatravelalbania.com\/it\/albania-luxury-transport\/","title":{"rendered":"Trasporto di lusso in Albania"},"content":{"rendered":"<p><strong>Trasporto di lusso in Albania<\/strong><\/p>\n<p>&nbsp;<\/p>\n<h3>\u2728 <b>Lusso in movimento: Viaggi a terra su misura in Albania<\/b><\/h3>\n<p>&nbsp;<\/p>\n<p data-path-to-node=\"4\">Per il viaggiatore che esige il meglio in assoluto, <b>Ariatravelalbania.com<\/b> offre servizi a terra che ridefiniscono il lusso albanese. Non ci limitiamo a fornire il trasporto, ma curiamo un'esperienza di viaggio raffinata in cui ogni momento \u00e8 trascorso nel massimo comfort e privacy.<\/p>\n<p data-path-to-node=\"5\">Sappiamo che il vostro tempo \u00e8 il vostro bene pi\u00f9 prezioso. Ecco perch\u00e9 il nostro servizio \u00e8 stato progettato per essere invisibile, intuitivo e perfettamente adattato ai vostri standard pi\u00f9 esigenti.<\/p>\n<ul data-path-to-node=\"6\">\n<li>\n<p data-path-to-node=\"6,0,0\"><b>Trasferimenti VIP discreti:<\/b> Trasferimenti facili e coordinati dall'Aeroporto Internazionale di Tirana (TIA) o da qualsiasi altra localit\u00e0 dei Balcani, con <b>Tracciamento dei voli in tempo reale<\/b> e un servizio di incontro silenzioso e personalizzato.<\/p>\n<\/li>\n<li>\n<p data-path-to-node=\"6,1,0\"><b>Lo standard esecutivo:<\/b> I nostri veicoli sono selezionati per il loro comfort e prestigio superiori: lo standard d'oro per viaggi executive, eventi di alto profilo e viaggi interurbani. Aspettatevi <b>interni in pelle premium, climatizzazione e Wi-Fi a bordo<\/b>.<\/p>\n<\/li>\n<li>\n<p data-path-to-node=\"6,2,0\"><b>Itinerari personalizzati:<\/b> Avete bisogno di un autista dedicato per 12 ore? Un'auto privata che vi porti da Tirana a Sarand\u00eb con una sosta panoramica a Berat? Il nostro team progetta il vostro itinerario con <b>flessibilit\u00e0 assoluta<\/b>, permettendo soste non programmate e cambiamenti dell'ultimo minuto senza esitazioni.<\/p>\n<\/li>\n<\/ul>\n<p data-path-to-node=\"7\"><b>Con noi, il vostro viaggio in Albania diventa un'estensione perfetta del vostro stile di vita di lusso.<\/b><\/p>\n<hr data-path-to-node=\"8\" \/>\n<h3>La nostra flotta e i nostri servizi esclusivi<\/h3>\n<p>&nbsp;<\/p>\n<p data-path-to-node=\"10\">Per soddisfare le diverse esigenze della nostra clientela, disponiamo di una flotta completa di veicoli immacolati e di ultima generazione, guidati da autisti professionisti e multilingue. Forniamo soluzioni su misura per singoli, piccoli gruppi, delegazioni aziendali e grandi tour di lusso.<\/p>\n<table data-path-to-node=\"11\">\n<thead>\n<tr>\n<td><strong>Classe del veicolo<\/strong><\/td>\n<td><strong>Modelli di esempio<\/strong><\/td>\n<td><strong>Ideale per<\/strong><\/td>\n<\/tr>\n<\/thead>\n<tbody>\n<tr>\n<td data-path-to-node=\"11,1,0,0\"><b>Berlina di prima classe<\/b><\/td>\n<td data-path-to-node=\"11,1,1,0\"><b>Mercedes-Benz Classe S<\/b><\/td>\n<td data-path-to-node=\"11,1,2,0\">Servizio diplomatico, trasferimenti di alto profilo e massimo lusso personale.<\/td>\n<\/tr>\n<tr>\n<td data-path-to-node=\"11,2,0,0\"><b>Berlina Executive<\/b><\/td>\n<td data-path-to-node=\"11,2,1,0\"><b>Audi A8<\/b><\/td>\n<td data-path-to-node=\"11,2,2,0\">Viaggi d'affari, trasferimenti interurbani a lunga distanza e viaggi di coppia premium.<\/td>\n<\/tr>\n<tr>\n<td data-path-to-node=\"11,3,0,0\"><b>Furgone VIP<\/b><\/td>\n<td data-path-to-node=\"11,3,1,0\"><b>Mercedes-Benz Classe V<\/b><\/td>\n<td data-path-to-node=\"11,3,2,0\">Trasferimenti per famiglie, piccoli gruppi executive (fino a 7 passeggeri) e trasporto discreto.<\/td>\n<\/tr>\n<tr>\n<td data-path-to-node=\"11,4,0,0\"><b>Minibus di lusso<\/b><\/td>\n<td data-path-to-node=\"11,4,1,0\"><b>Autobus di lusso Mercedes-Benz Sprinter<\/b><\/td>\n<td data-path-to-node=\"11,4,2,0\">Tour per grandi gruppi, roadshow e viaggi di gruppo confortevoli con servizi avanzati.<\/td>\n<\/tr>\n<tr>\n<td data-path-to-node=\"11,5,0,0\"><b>Pullman Premium<\/b><\/td>\n<td data-path-to-node=\"11,5,1,0\"><b>Autobus Mercedes-Benz Setra<\/b><\/td>\n<td data-path-to-node=\"11,5,2,0\">Tour di lusso su larga scala, viaggi a lungo raggio, che combinano sicurezza, comfort e spazio.<\/td>\n<\/tr>\n<\/tbody>\n<\/table>\n<h4><b>Una nota sull'eccellenza dei viaggi di gruppo<\/b><\/h4>\n<p>&nbsp;<\/p>\n<p data-path-to-node=\"13\">Per i gruppi pi\u00f9 numerosi, il <b>Autobus di lusso Mercedes-Benz Sprinter<\/b> e <b>Autobus Mercedes-Benz Setra<\/b> sono equipaggiati su misura per garantire il mantenimento dei pi\u00f9 elevati standard di comfort e sicurezza, anche con una maggiore capacit\u00e0. Ci\u00f2 significa che tutti i passeggeri possono godere di posti a sedere di qualit\u00e0 superiore, del controllo del clima e della tranquillit\u00e0 che deriva dall'ingegneria tedesca leader del settore.<\/p>\n<h4><b>I servizi principali includono:<\/b><\/h4>\n<p>&nbsp;<\/p>\n<ul data-path-to-node=\"15\">\n<li>\n<p data-path-to-node=\"15,0,0\"><b>Trasferimenti aeroportuali VIP (TIA):<\/b> Servizio porta a porta tra l'aeroporto e la vostra residenza o il vostro hotel.<\/p>\n<\/li>\n<li>\n<p data-path-to-node=\"15,1,0\"><b>Servizio di autista a ore:<\/b> Un veicolo dedicato e un autista a vostra disposizione per un periodo definito.<\/p>\n<\/li>\n<li>\n<p data-path-to-node=\"15,2,0\"><b>Guida privata interurbana:<\/b> Viaggi lussuosi ed efficienti tra le principali citt\u00e0 albanesi e regionali.<\/p>\n<\/li>\n<li>\n<p data-path-to-node=\"15,3,0\"><b>Trasporto aziendale e diplomatico:<\/b> Servizi discreti e sicuri per delegazioni, grandi gruppi aziendali e ospiti di alto profilo.<\/p>\n<\/li>\n<\/ul>\n<h3>Versatilit\u00e0 senza pari. Lusso assoluto.<\/h3>\n<p>&nbsp;<\/p>\n<p data-path-to-node=\"4\">L'ampia gamma di veicoli di <b>Aria Travel Albania<\/b>\u00a0\u00e8 una testimonianza del nostro impegno nel servire ogni aspetto dei viaggi di lusso in Albania, a prescindere dalla portata o dalla complessit\u00e0.<\/p>\n<p data-path-to-node=\"5\">Ci muoviamo senza soluzione di continuit\u00e0 dal personale al prestigioso, offrendo soluzioni che abbracciano ogni esigenza:<\/p>\n<blockquote data-path-to-node=\"6\">\n<p data-path-to-node=\"6,0\">\u201cSe avete bisogno di un <b>discreta, berlina di prima classe (Mercedes Classe S)<\/b> per un trasferimento di un dirigente o per organizzare un intero <b>tour di lusso su larga scala<\/b> utilizzando il comfort e la sicurezza del nostro <b>Allenatori Mercedes-Benz Setra<\/b>, Ariatravelalbania fornisce <b>servizio ininterrotto a cinque stelle<\/b> per l'intero itinerario. Questa collezione completa di veicoli amplia in modo significativo l'attrattiva del mercato, garantendoci la possibilit\u00e0 di gestire tutto, da una singola corsa aeroportuale VIP alla logistica pi\u00f9 impegnativa dei viaggi di gruppo.\u201d<\/p>\n<\/blockquote>\n<p data-path-to-node=\"7\"><b>Smettete di coordinare una logistica complessa e iniziate a godervi il viaggio.<\/b><\/p>\n<p data-path-to-node=\"8\"><b>Contattateci oggi stesso<\/b> per trasformare le vostre esigenze di viaggio in un'unica esperienza di lusso su misura per voi.<\/p>\n<p data-path-to-node=\"8\">WhatsApp: +355692234999<\/p>","protected":false},"excerpt":{"rendered":"<p>Albania Luxury Transport &nbsp; \u2728 Luxury in Motion: Bespoke Ground Travel in Albania &nbsp; For the traveler who demands the absolute best, Ariatravelalbania.com offers ground services that redefine Albanian luxury. We don&#8217;t just provide transportation; we curate a refined travel experience where every moment is spent in utmost comfort and privacy. We understand that your [&hellip;]<\/p>\n","protected":false},"author":1,"featured_media":21253,"parent":0,"menu_order":0,"comment_status":"closed","ping_status":"closed","template":"template-cars-search.php","meta":{"footnotes":""},"class_list":["post-21249","page","type-page","status-publish","has-post-thumbnail","hentry"],"_hostinger_reach_plugin_has_subscription_block":false,"_hostinger_reach_plugin_is_elementor":false,"_links":{"self":[{"href":"https:\/\/www.ariatravelalbania.com\/it\/wp-json\/wp\/v2\/pages\/21249","targetHints":{"allow":["GET"]}}],"collection":[{"href":"https:\/\/www.ariatravelalbania.com\/it\/wp-json\/wp\/v2\/pages"}],"about":[{"href":"https:\/\/www.ariatravelalbania.com\/it\/wp-json\/wp\/v2\/types\/page"}],"author":[{"embeddable":true,"href":"https:\/\/www.ariatravelalbania.com\/it\/wp-json\/wp\/v2\/users\/1"}],"replies":[{"embeddable":true,"href":"https:\/\/www.ariatravelalbania.com\/it\/wp-json\/wp\/v2\/comments?post=21249"}],"version-history":[{"count":0,"href":"https:\/\/www.ariatravelalbania.com\/it\/wp-json\/wp\/v2\/pages\/21249\/revisions"}],"wp:featuredmedia":[{"embeddable":true,"href":"https:\/\/www.ariatravelalbania.com\/it\/wp-json\/wp\/v2\/media\/21253"}],"wp:attachment":[{"href":"https:\/\/www.ariatravelalbania.com\/it\/wp-json\/wp\/v2\/media?parent=21249"}],"curies":[{"name":"wp","href":"https:\/\/api.w.org\/{rel}","templated":true}]}}