{"id":18433,"date":"2024-02-29T09:50:06","date_gmt":"2024-02-29T09:50:06","guid":{"rendered":"https:\/\/www.ariatravelalbania.com\/?page_id=18433"},"modified":"2024-03-02T19:30:22","modified_gmt":"2024-03-02T19:30:22","slug":"termini-e-condizioni","status":"publish","type":"page","link":"https:\/\/www.ariatravelalbania.com\/it\/terms-and-conditions\/","title":{"rendered":"Termini e condizioni"},"content":{"rendered":"<div data-elementor-type=\"wp-page\" data-elementor-id=\"18433\" class=\"elementor elementor-18433\">\n\t\t\t\t\t\t<section class=\"elementor-section elementor-top-section elementor-element elementor-element-1e2f5304 elementor-section-boxed elementor-section-height-default elementor-section-height-default\" data-id=\"1e2f5304\" data-element_type=\"section\" data-e-type=\"section\">\n\t\t\t\t\t\t<div class=\"elementor-container elementor-column-gap-default\">\n\t\t\t\t\t<div class=\"elementor-column elementor-col-100 elementor-top-column elementor-element elementor-element-6aae9b20\" data-id=\"6aae9b20\" data-element_type=\"column\" data-e-type=\"column\">\n\t\t\t<div class=\"elementor-widget-wrap elementor-element-populated\">\n\t\t\t\t\t\t<div class=\"elementor-element elementor-element-5cf2a94 elementor-widget elementor-widget-spacer\" data-id=\"5cf2a94\" data-element_type=\"widget\" data-e-type=\"widget\" data-widget_type=\"spacer.default\">\n\t\t\t\t<div class=\"elementor-widget-container\">\n\t\t\t\t\t\t\t<div class=\"elementor-spacer\">\n\t\t\t<div class=\"elementor-spacer-inner\"><\/div>\n\t\t<\/div>\n\t\t\t\t\t\t<\/div>\n\t\t\t\t<\/div>\n\t\t\t\t<div class=\"elementor-element elementor-element-c00d8a9 elementor-widget elementor-widget-text-editor\" data-id=\"c00d8a9\" data-element_type=\"widget\" data-e-type=\"widget\" data-widget_type=\"text-editor.default\">\n\t\t\t\t<div class=\"elementor-widget-container\">\n\t\t\t\t\t\t\t\t\t<p>In base alla Legge 7850 del 29.07.1994 \u201cCodice Civile della Repubblica d'Albania\u201d modificata, alla Legge 9734 del 14.05.2007 \u201cSul Turismo\u201d modificata e ad altre leggi e regolamenti vigenti nella Repubblica d'Albania.<\/p><p>L'operatore offre i suoi servizi 24 ore al giorno, 7 giorni alla settimana. L'orario di lavoro dell'ufficio \u00e8 aperto dal luned\u00ec al sabato, dalle 08:00 alle 18:00.<\/p><p>\u00a0<\/p><h5><strong>1. Definizioni<\/strong><\/h5><p>\u00a0<\/p><p>Nel presente accordo, i termini seguenti saranno spiegati come:<\/p><p><strong>Operatore:<\/strong>\u00a0Persona giuridica registrata che offre, trova e rende possibili tour, biglietti di viaggio di diversi tipi di trasporto e biglietti per eventi sportivi, musicali e di spettacolo, in cambio di un compenso.<\/p><p><strong>Prenotazione o booking:<\/strong>\u00a0l'atto di ordinare o custodire un prodotto come un viaggio, un alloggio o un pacchetto turistico. Questo viene fatto dall'operatore, su richiesta del cliente. La prenotazione o il booking avviene attraverso la pagina online\u00a0<a href=\"https:\/\/aria-travel.com\/\" target=\"_blank\" rel=\"noopener\">https:\/\/aria-travel.com<\/a>, attraverso il contatto con uno degli uffici dell'operatore o attraverso il contatto con uno dei membri della societ\u00e0.<\/p><p><strong>Conferma:<\/strong><br \/>a) la verifica della disponibilit\u00e0 di una prenotazione o di una giacenza, oppure<br \/>b) l'accordo finale per mezzo del quale il cliente liquida gli obblighi nei confronti dell'operatore e l'operatore custodisce con un atto finale la prenotazione del cliente.<\/p><p><strong>Albergo<\/strong>: Una struttura o un gruppo di strutture collegate, indipendenti da qualsiasi altra costruzione, con non meno di 6 camere, all'interno di un unico terreno, in cui vengono offerti al pubblico alloggio, servizi complementari e merci da parte di personale qualificato.<\/p><p><strong>Rimborso<\/strong>: La somma di denaro che l'operatore \u00e8 tenuto a restituire al cliente in caso di mancato adempimento del contratto da parte dell'operatore senza alcuna ragionevole causa o in presenza dei motivi indicati nel presente documento.<\/p><p><strong>Pacchetto turistico<\/strong>: La combinazione preparata di servizi che viene venduta o offerta in vendita e che copre un periodo di tempo superiore alle 24 ore o che include una notte di pernottamento. Il pacchetto turistico comprende due o pi\u00f9 componenti quali:<br \/><br \/>a)\u00a0<strong>Trasporto<\/strong><br \/>b)\u00a0<strong>Sistemazione<\/strong><br \/>c)\u00a0<strong>Altri servizi turistici<\/strong>, indipendenti dal trasporto e dall'alloggio. Questi servizi costituiscono una parte considerevole del pacchetto e sono inclusi nella combinazione preparata e fatturati separatamente.<\/p><p><strong>Gita di un giorno:\u00a0<\/strong>La combinazione preparata di servizi che viene venduta o offerta in vendita e che copre un periodo di tempo inferiore alle 24 ore o che NON include l'alloggio.<\/p><p>\u00a0<\/p><h5><strong>2. Obblighi dell'operatore<\/strong><\/h5><p>\u00a0<\/p><p>L'operatore \u00e8 tenuto a spiegare tutte le offerte per le quali il cliente ha espresso interesse. Il personale, entro gli orari di apertura e secondo le modalit\u00e0 stabilite nel presente contratto, \u00e8 tenuto a rispondere a tutte le domande e le richieste del cliente.<\/p><p>L'operatore \u00e8 tenuto a spiegare la procedura da seguire per lo svolgimento del tour, in base alla richiesta del cliente. Una delle procedure \u00e8 anche la preparazione dei documenti che il cliente deve presentare all'operatore.<\/p><p>Il personale dell'operatore \u00e8 tenuto a rispondere nel miglior modo possibile alle esigenze del cliente per quanto riguarda la prenotazione di hotel, trasporti, ecc. Se il cliente ha scelto uno dei pacchetti preparati dall'operatore, il personale risponder\u00e0 solo per l'hotel e il trasporto previsti dal pacchetto.<\/p><p>Se la richiesta viene effettuata entro i limiti stabiliti nel presente contratto, l'operatore \u00e8 tenuto a consentire una modifica dell'alloggio in base alle richieste del cliente. Se tale modifica comporta un costo finanziario, tale costo \u00e8 a carico del cliente.<\/p><p>Se la richiesta viene effettuata entro i limiti stabiliti nel presente contratto, l'operatore \u00e8 tenuto a consentire una modifica del trasporto in base alle richieste del cliente. Se tale modifica comporta un costo finanziario, tale costo \u00e8 a carico del cliente.<\/p><p>L'operatore dichiara di essere responsabile di ogni offerta resa pubblica nella pagina online.\u00a0<a href=\"https:\/\/aria-travel.com\/\" target=\"_blank\" rel=\"noopener\">https:\/\/aria-travel.com<\/a>, negli opuscoli e nei cataloghi prodotti dall'operatore e per ogni offerta pubblicizzata da questo operatore.<\/p><p>L'operatore \u00e8 responsabile del danneggiamento o della perdita dei bagagli o degli oggetti personali nei mezzi di trasporto offerti dall'operatore per il trasporto del cliente da e verso l'aeroporto o il porto o per la visita della citt\u00e0.<\/p><p><strong>Esclusione di responsabilit\u00e0:<\/strong><\/p><p>L'operatore non \u00e8 responsabile delle condizioni delle camere d'albergo se non sono nelle condizioni in cui appaiono nella pagina ufficiale dell'hotel online o per le azioni e il comportamento del personale dell'hotel nella destinazione scelta dal cliente.<\/p><p>L'operatore non \u00e8 responsabile della cancellazione del tour in caso di forza maggiore, cause naturali, proteste popolari o dichiarazione di guerra nella destinazione scelta dal cliente e per ogni incidente che si verifichi in conseguenza di tali cause. La soluzione sar\u00e0 raggiunta con un accordo tra l'operatore e il cliente.<\/p><p>L'operatore non \u00e8 responsabile per il danneggiamento o la perdita di bagagli o oggetti personali in aereo, aeroporto, porto, nave o hotel.<\/p><p>\u00a0<\/p><h5><strong>3. Diritti dell'operatore<\/strong><\/h5><p>\u00a0<\/p><p>L'operatore si riserva il diritto di richiedere ogni documento necessario per la realizzazione e la prenotazione del tour.<\/p><p>L'operatore si riserva il diritto di ricevere, secondo le modalit\u00e0 stabilite nel presente contratto, ogni pagamento dovuto dal cliente.<\/p><p>L'operatore si riserva il diritto di cancellare una prenotazione se il cliente non liquida tutti i pagamenti come stabilito nel presente contratto.<\/p><p>In caso di annullamento, l'operatore si riserva il diritto di trattenere dall'importo pagato dal cliente le spese e le commissioni effettuate prima dell'annullamento.<\/p><p>\u00a0<\/p><h5><strong>4. Obblighi del cliente<\/strong><\/h5><p>\u00a0<\/p><p>Il cliente \u00e8 tenuto a liquidare tutti i pagamenti in base al presente accordo.<\/p><p>Il cliente \u00e8 tenuto a presentarsi alla partenza nell'ora e nel giorno stabiliti dall'operatore.<\/p><p>Il cliente \u00e8 tenuto a fornire il numero esatto di partecipanti al tour se \u00e8 responsabile del gruppo.<\/p><p>Il cliente \u00e8 tenuto a dichiarare se gli animali parteciperanno al tour.<\/p><p>Il cliente \u00e8 tenuto a dichiarare se al tour parteciperanno persone minorenni. I minorenni che viaggiano in presenza di altre persone devono avere una delega da parte di entrambi i genitori.<\/p><p>\u00a0<\/p><h5><strong>5. Diritti del cliente<\/strong><\/h5><p>\u00a0<\/p><p>Il cliente ha il diritto di approfittare dell'offerta fatta dall'operatore, in base ai dati forniti dal personale.<\/p><p>Il cliente ha il diritto di chiedere tutte le informazioni sul tour. Ci\u00f2 deve essere fatto durante l'orario di lavoro dell'operatore e secondo i termini stabiliti nel presente accordo.<\/p><p>Il cliente ha il diritto di chiedere il rimborso in caso di annullamento del tour, di cambiamento dell'hotel o delle categorie di trasporto (in peggio) o in caso di inadempimento dell'accordo da parte dell'operatore senza alcuna ragionevole causa o in presenza dei motivi indicati nel presente documento.<\/p><p>\u00a0<\/p><h5><strong>6. Scadenze<\/strong><\/h5><p>\u00a0<\/p><p>Il termine ultimo per la prenotazione \u00e8 di almeno 14 giorni prima della data fissata per il tour. L'operatore non \u00e8 responsabile se, anche entro questo termine, non ci sono posti liberi nell'hotel o nei mezzi di trasporto.<\/p><p><strong>Termine di cancellazione<\/strong><\/p><p>Se la prenotazione del cliente viene cancellata dal cliente stesso 21 giorni o pi\u00f9 prima del tour, il cliente viene rimborsato dell'intero importo pagato all'operatore. L'operatore si riserva il diritto di trattenere dall'importo pagato dal cliente le spese e le commissioni effettuate prima della cancellazione. Le spese includono la commissione bancaria quando il pagamento viene effettuato con carta di credito o di debito.<\/p><p>Se la prenotazione del cliente viene cancellata dal cliente stesso da 10 a 20 giorni prima del tour, il cliente dovr\u00e0 sostenere le spese di trasferimento e 50% di spese amministrative. Le spese includono la commissione bancaria quando il pagamento viene effettuato con carta di credito o di debito.<\/p><p>Se la prenotazione del cliente viene cancellata dal cliente stesso da 4 a 9 giorni prima del tour, il cliente dovr\u00e0 sostenere le spese di trasferimento e 70% le spese amministrative. Le spese includono la commissione bancaria quando il pagamento viene effettuato con carta di credito o di debito.<\/p><p>Se la prenotazione o la prenotazione del cliente viene cancellata dal cliente stesso in meno di 3 giorni prima del tour, il cliente non avr\u00e0 diritto ad alcun rimborso.<\/p><p>Se il cliente non \u00e8 presente o abbandona il tour prima della data stabilita dall'operatore, non otterr\u00e0 alcun rimborso.<\/p><p><strong>Procedure di cancellazione<\/strong><\/p><p>Affinch\u00e9 la cancellazione sia valida, il cliente deve compilare un modulo obbligatorio rilasciato dall'operatore. Il cliente deve essere presente personalmente o essere rappresentato da un membro del gruppo iscritto al viaggio con il cliente. In questo caso, il cliente deve chiamare l'operatore per confermare la cancellazione, mentre il rappresentante del gruppo \u00e8 ancora in ufficio.<\/p><p>\u00a0<\/p><h5><strong>7. Prezzi e pagamenti<\/strong><\/h5><p>\u00a0<\/p><p>Definizione del prezzo: Il prezzo reso pubblico nella pagina online\u00a0<a href=\"https:\/\/aria-travel.com\/\" target=\"_blank\" rel=\"noopener\">https:\/\/aria-travel.com<\/a>, Il prezzo indicato dal personale dell'operatore \u00e8 il prezzo finale dell'offerta o del pacchetto.<\/p><p><strong>Responsabilit\u00e0 dell'operatore in caso di variazione del prezzo<\/strong><\/p><p>L'operatore non \u00e8 responsabile della variazione del prezzo finale se tale variazione viene effettuata dall'hotel, in caso di aumento delle tasse da pagare nella destinazione e di altre imposizioni da parte delle autorit\u00e0 nazionali o locali albanesi.<\/p><p>L'operatore non \u00e8 responsabile della variazione del prezzo finale nei diversi periodi dell'anno considerati di punta per il turismo nella destinazione scelta dal cliente.<\/p><p>Le tariffe per i bambini variano in base alle politiche dell'hotel. L'operatore non \u00e8 responsabile di questi addebiti e delle variazioni di prezzo.<\/p><p>L'intero importo del pagamento deve essere liquidato al momento della prenotazione. In accordo con l'operatore, il pagamento verr\u00e0 liquidato per 20% al momento della prenotazione e per 80% 14 giorni prima della data di partenza. In caso di ritardo nel pagamento, l'operatore si riserva il diritto di cancellare la prenotazione. In diversi periodi dell'anno, l'operatore si riserva il diritto di modificare il termine di 14 giorni.<\/p><p><strong>Il rimborso in caso di modifica del pacchetto<\/strong><\/p><p><strong>Commissione bancaria:<\/strong><\/p><p>Quando il pagamento viene effettuato tramite carta di credito, la tariffa viene pagata dall'operatore.<\/p><p>Quando il pagamento viene effettuato con una carta presso l'ufficio dell'operatore, le parti non devono pagare alcuna commissione.<\/p><p>Quando il pagamento avviene in contanti, le parti non devono pagare alcuna commissione.<\/p><p><strong>La liquidazione del prezzo deve avvenire attraverso le seguenti procedure:<\/strong><\/p><p>In contanti presso l'ufficio dell'operatore o a uno dei dipendenti, membro dell'ufficio, guida turistica, autista di autobus.<\/p><p>Tramite carta di credito Visa o MasterCard nella nostra piattaforma online tramite il provider di pagamento di terze parti PayPal, si prega di fare riferimento all'accordo con l'utente PayPay: (<a href=\"https:\/\/www.paypal.com\/il\/webapps\/mpp\/ua\/useragreement-full?locale.x=en_IL\" target=\"_blank\" rel=\"noopener\">https:\/\/www.paypal.com\/il\/webapps\/mpp\/ua\/useragreement-full?locale.x=en_IL<\/a>)<\/p><p>Tramite carta di credito o di debito Visa, MasterCard, Visa Electron e Maestro utilizzando la nostra macchina se il cliente \u00e8 presente in ufficio.<\/p><p>Tramite bonifico bancario. Le coordinate del conto bancario dell'operatore saranno fornite via e-mail. In questo caso il cliente dovr\u00e0 inviare via fax o e-mail una copia della fattura.<\/p><p>\u00a0<\/p><h5><strong>8. Risoluzione delle controversie<\/strong><\/h5><p>\u00a0<\/p><p>In caso di controversia, l'operatore far\u00e0 il possibile per raggiungere una soluzione con un rapido accordo con il cliente.<\/p><p>L'operatore si impegna a garantire che ogni corrispondenza riceva una risposta entro il periodo di tempo indicato di seguito:<br \/><strong>a)<\/strong>\u00a0entro 14 giorni dal ricevimento della richiesta del cliente; e<br \/><strong>b)<\/strong>\u00a0entro 28 giorni dal ricevimento della richiesta di risposta dettagliata da parte del cliente.<\/p><p>\u00a0<\/p><h5><strong>9. Copyright<\/strong><\/h5><p>\u00a0<\/p><p>Aria Travel Albania dichiara che la pagina online\u00a0<a href=\"https:\/\/aria-travel.com\/\" target=\"_blank\" rel=\"noopener\">https:\/\/aria-travel.com\/<\/a>\u00a0\u00e8 di propriet\u00e0 del gestore. Il gestore \u00e8 responsabile di ogni materiale pubblicato nella pagina.<\/p><p>Aria Travel Albania dichiara che le informazioni sull'alloggio e sui mezzi di trasporto sono di propriet\u00e0 delle pagine ufficiali online di tali alloggi e mezzi di trasporto. Le informazioni su\u00a0<a href=\"https:\/\/aria-travel.com\/\" target=\"_blank\" rel=\"noopener\">https:\/\/aria-travel.com<\/a>\u00a0\u00e8 aggiornato frequentemente. L'operatore non \u00e8 responsabile se le informazioni sulla pagina ufficiale online dell'alloggio o del mezzo di trasporto non sono accurate.<\/p><p>Aria Travel Albania dichiara che sulle pagine online dell'operatore le uniche informazioni pubblicate sono quelle consentite al pubblico dai proprietari delle pagine online degli alloggi e dei mezzi di trasporto. Le informazioni non sono documentate personalmente dal personale dell'operatore.<\/p><p>Aria Travel dichiara che l'operatore non \u00e8 proprietario di alcun contenuto citato sulla struttura ricettiva.<\/p><p>\u00a0<\/p><h5><strong>10. Approvazione dell'accordo<\/strong><\/h5><p>\u00a0<\/p><p>L'approvazione di questo accordo viene fatta dagli azionisti di Aria Travel Albania.<\/p><p>Qualsiasi modifica al presente accordo viene apportata dagli azionisti di Aria Travel Albania.<\/p>\t\t\t\t\t\t\t\t<\/div>\n\t\t\t\t<\/div>\n\t\t\t\t\t<\/div>\n\t\t<\/div>\n\t\t\t\t\t<\/div>\n\t\t<\/section>\n\t\t\t\t<\/div>","protected":false},"excerpt":{"rendered":"<p>Based on Law 7850, date 29.07.1994 \u201cThe Civil Code of the Republic of Albania\u201d amended, Law 9734, date 14.05.2007 \u201cOn Tourism\u201d amended and other effective legislation and regulations in the Republic of Albania. The operator offers its services 24 hours a day, 7 days a week. The office\u2019s working hours are open from Monday to [&hellip;]<\/p>\n","protected":false},"author":1,"featured_media":15998,"parent":0,"menu_order":0,"comment_status":"closed","ping_status":"closed","template":"template-blank.php","meta":{"footnotes":""},"class_list":["post-18433","page","type-page","status-publish","has-post-thumbnail","hentry"],"_hostinger_reach_plugin_has_subscription_block":false,"_hostinger_reach_plugin_is_elementor":false,"_links":{"self":[{"href":"https:\/\/www.ariatravelalbania.com\/it\/wp-json\/wp\/v2\/pages\/18433","targetHints":{"allow":["GET"]}}],"collection":[{"href":"https:\/\/www.ariatravelalbania.com\/it\/wp-json\/wp\/v2\/pages"}],"about":[{"href":"https:\/\/www.ariatravelalbania.com\/it\/wp-json\/wp\/v2\/types\/page"}],"author":[{"embeddable":true,"href":"https:\/\/www.ariatravelalbania.com\/it\/wp-json\/wp\/v2\/users\/1"}],"replies":[{"embeddable":true,"href":"https:\/\/www.ariatravelalbania.com\/it\/wp-json\/wp\/v2\/comments?post=18433"}],"version-history":[{"count":0,"href":"https:\/\/www.ariatravelalbania.com\/it\/wp-json\/wp\/v2\/pages\/18433\/revisions"}],"wp:featuredmedia":[{"embeddable":true,"href":"https:\/\/www.ariatravelalbania.com\/it\/wp-json\/wp\/v2\/media\/15998"}],"wp:attachment":[{"href":"https:\/\/www.ariatravelalbania.com\/it\/wp-json\/wp\/v2\/media?parent=18433"}],"curies":[{"name":"wp","href":"https:\/\/api.w.org\/{rel}","templated":true}]}}