{"id":3,"date":"2022-04-01T08:50:15","date_gmt":"2022-04-01T08:50:15","guid":{"rendered":"https:\/\/modtel.wpengine.com\/?page_id=3"},"modified":"2024-03-02T19:32:30","modified_gmt":"2024-03-02T19:32:30","slug":"politica-de-privacidad","status":"publish","type":"page","link":"https:\/\/www.ariatravelalbania.com\/es\/privacy-policy\/","title":{"rendered":"Pol\u00edtica de privacidad"},"content":{"rendered":"<div data-elementor-type=\"wp-page\" data-elementor-id=\"3\" class=\"elementor elementor-3\">\n\t\t\t\t\t\t<section class=\"elementor-section elementor-top-section elementor-element elementor-element-5d90cb9 elementor-section-boxed elementor-section-height-default elementor-section-height-default\" data-id=\"5d90cb9\" data-element_type=\"section\" data-e-type=\"section\">\n\t\t\t\t\t\t<div class=\"elementor-container elementor-column-gap-default\">\n\t\t\t\t\t<div class=\"elementor-column elementor-col-100 elementor-top-column elementor-element elementor-element-c90f9e4\" data-id=\"c90f9e4\" data-element_type=\"column\" data-e-type=\"column\">\n\t\t\t<div class=\"elementor-widget-wrap elementor-element-populated\">\n\t\t\t\t\t\t<div class=\"elementor-element elementor-element-217fed6 elementor-widget elementor-widget-spacer\" data-id=\"217fed6\" data-element_type=\"widget\" data-e-type=\"widget\" data-widget_type=\"spacer.default\">\n\t\t\t\t<div class=\"elementor-widget-container\">\n\t\t\t\t\t\t\t<div class=\"elementor-spacer\">\n\t\t\t<div class=\"elementor-spacer-inner\"><\/div>\n\t\t<\/div>\n\t\t\t\t\t\t<\/div>\n\t\t\t\t<\/div>\n\t\t\t\t<div class=\"elementor-element elementor-element-916522f elementor-widget elementor-widget-text-editor\" data-id=\"916522f\" data-element_type=\"widget\" data-e-type=\"widget\" data-widget_type=\"text-editor.default\">\n\t\t\t\t<div class=\"elementor-widget-container\">\n\t\t\t\t\t\t\t\t\t<p>Aria Travel Albania informa amablemente a todos sus clientes que utilicen nuestras p\u00e1ginas online que al utilizar este tipo de servicios o realizar una reserva a trav\u00e9s de ellos, con el objetivo de ofrecer el mejor servicio y responder a las peticiones de los clientes en el menor tiempo posible, es imprescindible por parte de los usuarios la introducci\u00f3n de algunos datos y detalles personales, para completar la reserva online.<\/p>\n<p>La empresa utiliza esta p\u00e1gina web\u00a0<a href=\"https:\/\/aria-travel.com\/\" target=\"_blank\" rel=\"noopener\">https:\/\/aria-travel.com<\/a>\u00a0\u00a0para que sus clientes puedan crear su propio paquete de viaje a su gusto, reservando y pagando en consecuencia.<\/p>\n<p>Le aseguramos que su reserva a trav\u00e9s de Aria Travel Albania se procesa de forma segura y sus datos personales tambi\u00e9n se conservan legalmente.<\/p>\n<p>La introducci\u00f3n de sus datos personales no es una condici\u00f3n establecida por Aria Travel Albania, sino una obligaci\u00f3n vinculante para procesar una reserva en l\u00ednea.<\/p>\n<p>Bas\u00e1ndose en la Ley n\u00ba 9887, de fecha 10.03.2008 \u201cSobre la protecci\u00f3n de datos personales\u201d, en la Rep\u00fablica de Albania, Aria Travel Albania declara lo siguiente:<\/p>\n<p>\u00a0<\/p>\n<p><strong>1. Definiciones<\/strong><\/p>\n<p>\u00a0<\/p>\n<p>En este acuerdo, los siguientes t\u00e9rminos se explicar\u00e1n como:<\/p>\n<p>Operador: Entidad legalmente registrada que ofrece, busca, crea y entrega viajes tur\u00edsticos, billetes de viaje, gu\u00edas tur\u00edsticos en persona, diferentes tipos de transporte y otros servicios relacionados con los viajes a cambio de una tarifa por servicio.<\/p>\n<p>Cookie: Peque\u00f1o fragmento de datos enviado desde una p\u00e1gina en l\u00ednea y almacenado en el navegador web del usuario mientras \u00e9ste navega por esa p\u00e1gina en l\u00ednea. Cada vez que el usuario carga la p\u00e1gina en l\u00ednea, el navegador env\u00eda la cookie de vuelta al servidor para notificar a la p\u00e1gina en l\u00ednea la actividad previa del usuario.<\/p>\n<p>\u00a0<\/p>\n<p><strong>2. Utilizaci\u00f3n de cookies<\/strong><\/p>\n<p>\u00a0<\/p>\n<p>Las p\u00e1ginas en l\u00ednea del operador utilizan cookies para distinguir a los visitantes entre s\u00ed. Algunas de las cookies son esenciales para que esta p\u00e1gina en l\u00ednea funcione correctamente, para que los usuarios puedan hacer reservas de viajes y para que el personal del operador pueda aceptar tambi\u00e9n las solicitudes de los usuarios. Nuestro sistema recoge y conserva informaci\u00f3n est\u00e1ndar por motivos estad\u00edsticos, sin divulgar la identidad ni los datos del visitante.<\/p>\n<p>Otros tipos de cookies ayudan al personal del operador a proporcionar a los clientes una buena experiencia cuando navegan por la p\u00e1gina en l\u00ednea, adem\u00e1s de ayudar al personal del operador a mejorar la p\u00e1gina en l\u00ednea. Las cookies tambi\u00e9n proporcionan informaci\u00f3n sobre ofertas especiales del operador.<\/p>\n<p>Las cookies tambi\u00e9n se utilizan para la publicidad en la p\u00e1gina en l\u00ednea.<\/p>\n<p>\u00a0<\/p>\n<p><strong>3. Descargo de responsabilidad sobre privacidad<\/strong><\/p>\n<p>\u00a0<\/p>\n<p>Aria Travel Albania es consciente de la importancia y sensibilidad de la protecci\u00f3n de datos de car\u00e1cter personal y todas las acciones realizadas a trav\u00e9s de esta p\u00e1gina web son tratadas con pleno respeto a la normativa legal vigente para proteger su privacidad. Esta Pol\u00edtica de Privacidad estipula las bases fundamentales seguidas en el proceso de recogida, tratamiento o conservaci\u00f3n de los datos personales de los clientes o visitantes.<\/p>\n<p>Aria Travel Albania garantiza a todos sus clientes y visitantes la protecci\u00f3n de los datos personales que entregan a nuestra empresa a trav\u00e9s de las reservas en l\u00ednea o personalmente en nuestras oficinas. Todos los datos se procesan a trav\u00e9s de sistemas de alta seguridad y se utilizan \u00fanicamente para los fines descritos en esta pol\u00edtica. Todo el personal que trabaja con estos datos es consciente de la importancia de esta informaci\u00f3n y acepta todas las consecuencias legales cuando se verifica la revelaci\u00f3n de dichos datos. La importancia de la protecci\u00f3n de datos est\u00e1 debidamente estipulada en las normas y procedimientos internos de la empresa y se adopta con un enfoque proactivo.<\/p>\n<p>Los siguientes datos de los visitantes se recoger\u00e1n de la p\u00e1gina en l\u00ednea:<\/p>\n<ol>\n<li>a) Datos facilitados para completar una reserva;<\/li>\n<li>b) Datos facilitados para participar en un concurso o promoci\u00f3n a trav\u00e9s de la p\u00e1gina en l\u00ednea, rellenar una encuesta o informar de un problema;<\/li>\n<li>c) Detalles de las transacciones ordenadas por los clientes para completar sus reservas;<\/li>\n<li>d) Cuando el cliente se ponga en contacto con los empleados del operador, se recopilar\u00e1 tambi\u00e9n un registro de la direcci\u00f3n de correo electr\u00f3nico utilizada por el cliente.<\/li>\n<\/ol>\n<p>Aria Travel Albania utiliza la tecnolog\u00eda de viajes m\u00e1s avanzada para garantizar la confidencialidad a sus clientes y proporcionar un alto nivel de seguridad en la protecci\u00f3n de datos personales evitando as\u00ed casos de divulgaciones no autorizadas.<\/p>\n<p>\u00a0<\/p>\n<p><strong>4. Conservaci\u00f3n y transferencia de datos<\/strong><\/p>\n<p>\u00a0<\/p>\n<p>Los datos recogidos del operador dados a libre voluntad del cliente tambi\u00e9n ser\u00e1n transferidos o conservados en destino fuera de Albania. Estos datos tambi\u00e9n podr\u00e1n ser tratados por el personal operativo de los proveedores con el fin de garantizar el alojamiento o cualquier otra necesidad de viaje en curso.<\/p>\n<p>Aria Travel Albania mantiene diferentes contratos con proveedores globales que le proporcionan una reserva. Aria Travel Albania garantiza la seguridad de los datos personales transferidos a trav\u00e9s de estos contratos acordados de conformidad con las leyes internacionales.<\/p>\n<p>Todos los datos facilitados se conservar\u00e1n en los servidores seguros de Aria Travel Albania.<\/p>\n<p>Los datos recogidos del operador se comunicar\u00e1n a los organismos miembros.<\/p>\n<p>Los datos recogidos del operador pueden utilizarse para informar a los clientes sobre ofertas e informaci\u00f3n acerca del operador.<\/p>\n<p>\u00a0<\/p>\n<p><strong>5. Cancelaci\u00f3n del tratamiento de datos<\/strong><\/p>\n<p>\u00a0<\/p>\n<p>El cliente tiene derecho a ser informado sobre sus datos personales que el operador plantea sobre \u00e9l, y tambi\u00e9n para evitar que el operador de tratamiento de sus datos personales con fines de marketing, a trav\u00e9s de correo electr\u00f3nico oa trav\u00e9s de los formularios cumplimentados en la p\u00e1gina en l\u00ednea.<\/p>\n<p>\u00a0<\/p>\n<p><strong>6. Acuerdo sobre la pol\u00edtica de privacidad<\/strong><\/p>\n<p>\u00a0<\/p>\n<p>Al continuar la navegaci\u00f3n en la p\u00e1gina online de Aria Travel Albania el cliente acepta que sus datos sean recogidos por el operador.<\/p>\n<p>Para cualquier cuesti\u00f3n o necesidad de informaci\u00f3n que pueda surgir sobre esta pol\u00edtica, escriba a:<\/p>\n<p>Responsable de Pol\u00edtica de Privacidad y Protecci\u00f3n de Datos:<\/p>\n<p>Aria Travel Albania, Str. Mikel Maruli, edificio \u201cGora\u201d, H.3 Po.1050 Tirana, Albania.<\/p>\t\t\t\t\t\t\t\t<\/div>\n\t\t\t\t<\/div>\n\t\t\t\t\t<\/div>\n\t\t<\/div>\n\t\t\t\t\t<\/div>\n\t\t<\/section>\n\t\t\t\t<\/div>","protected":false},"excerpt":{"rendered":"<p>Aria Travel Albania kindly informs all its clients using our online pages that when using these kind of services or making a reservation through it, aiming to offer the best service and replying to clients\u2019 requests at the shortest time possible, it is indispensable from users to input some personal data and details, to complete [&hellip;]<\/p>\n","protected":false},"author":1,"featured_media":15998,"parent":0,"menu_order":0,"comment_status":"closed","ping_status":"closed","template":"template-blank.php","meta":{"footnotes":""},"class_list":["post-3","page","type-page","status-publish","has-post-thumbnail","hentry"],"_hostinger_reach_plugin_has_subscription_block":false,"_hostinger_reach_plugin_is_elementor":false,"_links":{"self":[{"href":"https:\/\/www.ariatravelalbania.com\/es\/wp-json\/wp\/v2\/pages\/3","targetHints":{"allow":["GET"]}}],"collection":[{"href":"https:\/\/www.ariatravelalbania.com\/es\/wp-json\/wp\/v2\/pages"}],"about":[{"href":"https:\/\/www.ariatravelalbania.com\/es\/wp-json\/wp\/v2\/types\/page"}],"author":[{"embeddable":true,"href":"https:\/\/www.ariatravelalbania.com\/es\/wp-json\/wp\/v2\/users\/1"}],"replies":[{"embeddable":true,"href":"https:\/\/www.ariatravelalbania.com\/es\/wp-json\/wp\/v2\/comments?post=3"}],"version-history":[{"count":0,"href":"https:\/\/www.ariatravelalbania.com\/es\/wp-json\/wp\/v2\/pages\/3\/revisions"}],"wp:featuredmedia":[{"embeddable":true,"href":"https:\/\/www.ariatravelalbania.com\/es\/wp-json\/wp\/v2\/media\/15998"}],"wp:attachment":[{"href":"https:\/\/www.ariatravelalbania.com\/es\/wp-json\/wp\/v2\/media?parent=3"}],"curies":[{"name":"wp","href":"https:\/\/api.w.org\/{rel}","templated":true}]}}