{"id":22165,"date":"2026-03-31T20:29:30","date_gmt":"2026-03-31T20:29:30","guid":{"rendered":"https:\/\/www.ariatravelalbania.com\/?page_id=22165"},"modified":"2026-03-31T21:36:13","modified_gmt":"2026-03-31T21:36:13","slug":"transporte-ejecutivo-de-ratones-en-albania","status":"publish","type":"page","link":"https:\/\/www.ariatravelalbania.com\/es\/mice-executive-transportation-in-albania\/","title":{"rendered":"Transporte MICE y Ejecutivo en Albania"},"content":{"rendered":"<div data-elementor-type=\"wp-page\" data-elementor-id=\"22165\" class=\"elementor elementor-22165\">\n\t\t\t\t<div class=\"elementor-element elementor-element-69cd6153 e-flex e-con-boxed e-con e-parent\" data-id=\"69cd6153\" data-element_type=\"container\" data-e-type=\"container\">\n\t\t\t\t\t<div class=\"e-con-inner\">\n\t\t\t\t<div class=\"elementor-element elementor-element-09a39d1 elementor-arrows-position-inside elementor-pagination-position-outside elementor-widget elementor-widget-image-carousel\" data-id=\"09a39d1\" data-element_type=\"widget\" data-e-type=\"widget\" data-settings=\"{&quot;navigation&quot;:&quot;both&quot;,&quot;autoplay&quot;:&quot;yes&quot;,&quot;pause_on_hover&quot;:&quot;yes&quot;,&quot;pause_on_interaction&quot;:&quot;yes&quot;,&quot;autoplay_speed&quot;:5000,&quot;infinite&quot;:&quot;yes&quot;,&quot;speed&quot;:500}\" data-widget_type=\"image-carousel.default\">\n\t\t\t\t<div class=\"elementor-widget-container\">\n\t\t\t\t\t\t\t<div class=\"elementor-image-carousel-wrapper swiper\" role=\"region\" aria-roledescription=\"carousel\" aria-label=\"Carrusel de im\u00e1genes\" dir=\"ltr\">\n\t\t\t<div class=\"elementor-image-carousel swiper-wrapper\" aria-live=\"off\">\n\t\t\t\t\t\t\t\t<div class=\"swiper-slide\" role=\"group\" aria-roledescription=\"slide\" aria-label=\"1 de 19\" data-no-translation-aria-label=\"\"><figure class=\"swiper-slide-inner\"><img decoding=\"async\" class=\"swiper-slide-image\" src=\"https:\/\/www.ariatravelalbania.com\/wp-content\/uploads\/2026\/03\/meeting-incentives-conferences-events-tirana-5-300x300.png\" alt=\"incentivos de reuniones conferencias eventos Tirana\" title=\"\"><\/figure><\/div><div class=\"swiper-slide\" role=\"group\" aria-roledescription=\"slide\" aria-label=\"2 de 19\" data-no-translation-aria-label=\"\"><figure class=\"swiper-slide-inner\"><img decoding=\"async\" class=\"swiper-slide-image\" src=\"https:\/\/www.ariatravelalbania.com\/wp-content\/uploads\/2026\/03\/meeting-incentives-conferences-events-tirana-300x300.jpg\" alt=\"incentivos de reuniones conferencias eventos Tirana\" title=\"\"><\/figure><\/div><div class=\"swiper-slide\" role=\"group\" aria-roledescription=\"slide\" aria-label=\"3 de 19\" data-no-translation-aria-label=\"\"><figure class=\"swiper-slide-inner\"><img decoding=\"async\" class=\"swiper-slide-image\" src=\"https:\/\/www.ariatravelalbania.com\/wp-content\/uploads\/2026\/03\/meeting-incentives-conferences-events-tirana-3-1-300x300.jpeg\" alt=\"incentivos de reuniones conferencias eventos Tirana\" title=\"\"><\/figure><\/div><div class=\"swiper-slide\" role=\"group\" aria-roledescription=\"slide\" aria-label=\"4 de 19\" data-no-translation-aria-label=\"\"><figure class=\"swiper-slide-inner\"><img decoding=\"async\" class=\"swiper-slide-image\" src=\"https:\/\/www.ariatravelalbania.com\/wp-content\/uploads\/2026\/03\/Aria-Travel-luxury-MICE-2-300x300.webp\" alt=\"incentivos de reuniones conferencias eventos Tirana\" title=\"\"><\/figure><\/div><div class=\"swiper-slide\" role=\"group\" aria-roledescription=\"slide\" aria-label=\"5 de 19\" data-no-translation-aria-label=\"\"><figure class=\"swiper-slide-inner\"><img decoding=\"async\" class=\"swiper-slide-image\" src=\"https:\/\/www.ariatravelalbania.com\/wp-content\/uploads\/2026\/03\/meeting-incentives-conferences-events-tirana-6-300x300.jpeg\" alt=\"incentivos de reuniones conferencias eventos Tirana 6\" title=\"\"><\/figure><\/div><div class=\"swiper-slide\" role=\"group\" aria-roledescription=\"slide\" aria-label=\"6 de 19\" data-no-translation-aria-label=\"\"><figure class=\"swiper-slide-inner\"><img decoding=\"async\" class=\"swiper-slide-image\" src=\"https:\/\/www.ariatravelalbania.com\/wp-content\/uploads\/2026\/03\/meeting-incentives-conferences-events-tirana-4-300x300.jpg\" alt=\"incentivos de reuniones conferencias eventos Tirana\" title=\"\"><\/figure><\/div><div class=\"swiper-slide\" role=\"group\" aria-roledescription=\"slide\" aria-label=\"7 de 19\" data-no-translation-aria-label=\"\"><figure class=\"swiper-slide-inner\"><img decoding=\"async\" class=\"swiper-slide-image\" src=\"https:\/\/www.ariatravelalbania.com\/wp-content\/uploads\/2026\/03\/meeting-incentives-conferences-events-tirana-300x300.webp\" alt=\"incentivos de reuniones conferencias eventos Tirana\" title=\"\"><\/figure><\/div><div class=\"swiper-slide\" role=\"group\" aria-roledescription=\"slide\" aria-label=\"8 de 19\" data-no-translation-aria-label=\"\"><figure class=\"swiper-slide-inner\"><img decoding=\"async\" class=\"swiper-slide-image\" src=\"https:\/\/www.ariatravelalbania.com\/wp-content\/uploads\/2026\/03\/meeting-incentives-conferences-events-tirana-2-300x300.jpg\" alt=\"incentivos de reuniones conferencias eventos Tirana\" title=\"\"><\/figure><\/div><div class=\"swiper-slide\" role=\"group\" aria-roledescription=\"slide\" aria-label=\"9 de 19\" data-no-translation-aria-label=\"\"><figure class=\"swiper-slide-inner\"><img decoding=\"async\" class=\"swiper-slide-image\" src=\"https:\/\/www.ariatravelalbania.com\/wp-content\/uploads\/2026\/03\/Aria-Travel-luxury-MICE-300x300.webp\" alt=\"incentivos de reuniones conferencias eventos Tirana\" title=\"\"><\/figure><\/div><div class=\"swiper-slide\" role=\"group\" aria-roledescription=\"slide\" aria-label=\"10 de 19\" data-no-translation-aria-label=\"\"><figure class=\"swiper-slide-inner\"><img decoding=\"async\" class=\"swiper-slide-image\" src=\"https:\/\/www.ariatravelalbania.com\/wp-content\/uploads\/2025\/07\/Mercedes-Benz-S-Class-Albania-2-300x300.jpeg\" alt=\"Mercedes Benz Clase S Albania (2)\" title=\"\"><\/figure><\/div><div class=\"swiper-slide\" role=\"group\" aria-roledescription=\"slide\" aria-label=\"11 de 19\" data-no-translation-aria-label=\"\"><figure class=\"swiper-slide-inner\"><img decoding=\"async\" class=\"swiper-slide-image\" src=\"https:\/\/www.ariatravelalbania.com\/wp-content\/uploads\/2025\/07\/Mercedes-Benz-S-Class-Albania-3-300x300.jpeg\" alt=\"Mercedes Benz Clase S Albania (3)\" title=\"\"><\/figure><\/div><div class=\"swiper-slide\" role=\"group\" aria-roledescription=\"slide\" aria-label=\"12 de 19\" data-no-translation-aria-label=\"\"><figure class=\"swiper-slide-inner\"><img decoding=\"async\" class=\"swiper-slide-image\" src=\"https:\/\/www.ariatravelalbania.com\/wp-content\/uploads\/2025\/07\/Mercedes-Benz-S-Class-Albania-4-300x300.jpeg\" alt=\"Mercedes Benz Clase S Albania (4)\" title=\"\"><\/figure><\/div><div class=\"swiper-slide\" role=\"group\" aria-roledescription=\"slide\" aria-label=\"13 de 19\" data-no-translation-aria-label=\"\"><figure class=\"swiper-slide-inner\"><img decoding=\"async\" class=\"swiper-slide-image\" src=\"https:\/\/www.ariatravelalbania.com\/wp-content\/uploads\/2025\/11\/Albania-Vip-Transport-Mercedes-S-Class-300x300.jpeg\" alt=\"Transporte de lujo en Albania\" title=\"\"><\/figure><\/div><div class=\"swiper-slide\" role=\"group\" aria-roledescription=\"slide\" aria-label=\"14 de 19\" data-no-translation-aria-label=\"\"><figure class=\"swiper-slide-inner\"><img decoding=\"async\" class=\"swiper-slide-image\" src=\"https:\/\/www.ariatravelalbania.com\/wp-content\/uploads\/2024\/04\/MERCEDES-BENZ-V-CLASS-3-300x300.jpg\" alt=\"MERCEDES BENZ CLASE V\" title=\"\"><\/figure><\/div><div class=\"swiper-slide\" role=\"group\" aria-roledescription=\"slide\" aria-label=\"15 de 19\" data-no-translation-aria-label=\"\"><figure class=\"swiper-slide-inner\"><img decoding=\"async\" class=\"swiper-slide-image\" src=\"https:\/\/www.ariatravelalbania.com\/wp-content\/uploads\/2024\/04\/Mercedes-Benz-V-class-Albania-2-300x300.jpeg\" alt=\"Clase V Mercedes Benz Albania\" title=\"\"><\/figure><\/div><div class=\"swiper-slide\" role=\"group\" aria-roledescription=\"slide\" aria-label=\"16 de 19\" data-no-translation-aria-label=\"\"><figure class=\"swiper-slide-inner\"><img decoding=\"async\" class=\"swiper-slide-image\" src=\"https:\/\/www.ariatravelalbania.com\/wp-content\/uploads\/2024\/04\/Mercedes-Benz-V-class-Albania-4-300x300.jpeg\" alt=\"Clase V Mercedes Benz Albania\" title=\"\"><\/figure><\/div><div class=\"swiper-slide\" role=\"group\" aria-roledescription=\"slide\" aria-label=\"17 de 19\" data-no-translation-aria-label=\"\"><figure class=\"swiper-slide-inner\"><img decoding=\"async\" class=\"swiper-slide-image\" src=\"https:\/\/www.ariatravelalbania.com\/wp-content\/uploads\/2024\/04\/Mercedes-Sprinter-Bus-year-2022-4-300x300.jpg\" alt=\"Autob\u00fas Mercedes Sprinter a\u00f1o 2022\" title=\"\"><\/figure><\/div><div class=\"swiper-slide\" role=\"group\" aria-roledescription=\"slide\" aria-label=\"18 de 19\" data-no-translation-aria-label=\"\"><figure class=\"swiper-slide-inner\"><img decoding=\"async\" class=\"swiper-slide-image\" src=\"https:\/\/www.ariatravelalbania.com\/wp-content\/uploads\/2024\/04\/MERCEDES-BENZ-SPRINTER-BUS-3-300x300.jpg\" alt=\"AUTOB\u00daS MERCEDES BENZ SPRINTER\" title=\"\"><\/figure><\/div><div class=\"swiper-slide\" role=\"group\" aria-roledescription=\"slide\" aria-label=\"19 de 19\" data-no-translation-aria-label=\"\"><figure class=\"swiper-slide-inner\"><img decoding=\"async\" class=\"swiper-slide-image\" src=\"https:\/\/www.ariatravelalbania.com\/wp-content\/uploads\/2025\/01\/Aria-Travel-Luxury-Mercedes-Setra-Albania-1-300x300.jpeg\" alt=\"Aria Travel Lujo Mercedes Setra Albania\" title=\"\"><\/figure><\/div>\t\t\t<\/div>\n\t\t\t\t\t\t\t\t\t\t\t\t<div class=\"elementor-swiper-button elementor-swiper-button-prev\" role=\"button\" tabindex=\"0\">\n\t\t\t\t\t\t<svg aria-hidden=\"true\" class=\"e-font-icon-svg e-eicon-chevron-left\" viewbox=\"0 0 1000 1000\" xmlns=\"http:\/\/www.w3.org\/2000\/svg\"><path d=\"M646 125C629 125 613 133 604 142L308 442C296 454 292 471 292 487 292 504 296 521 308 533L604 854C617 867 629 875 646 875 663 875 679 871 692 858 704 846 713 829 713 812 713 796 708 779 692 767L438 487 692 225C700 217 708 204 708 187 708 171 704 154 692 142 675 129 663 125 646 125Z\"><\/path><\/svg>\t\t\t\t\t<\/div>\n\t\t\t\t\t<div class=\"elementor-swiper-button elementor-swiper-button-next\" role=\"button\" tabindex=\"0\">\n\t\t\t\t\t\t<svg aria-hidden=\"true\" class=\"e-font-icon-svg e-eicon-chevron-right\" viewbox=\"0 0 1000 1000\" xmlns=\"http:\/\/www.w3.org\/2000\/svg\"><path d=\"M696 533C708 521 713 504 713 487 713 471 708 454 696 446L400 146C388 133 375 125 354 125 338 125 325 129 313 142 300 154 292 171 292 187 292 204 296 221 308 233L563 492 304 771C292 783 288 800 288 817 288 833 296 850 308 863 321 871 338 875 354 875 371 875 388 867 400 854L696 533Z\"><\/path><\/svg>\t\t\t\t\t<\/div>\n\t\t\t\t\n\t\t\t\t\t\t\t\t\t<div class=\"swiper-pagination\"><\/div>\n\t\t\t\t\t\t\t\t\t<\/div>\n\t\t\t\t\t\t<\/div>\n\t\t\t\t<\/div>\n\t\t\t\t<div class=\"elementor-element elementor-element-1892f6a4 elementor-widget elementor-widget-text-editor\" data-id=\"1892f6a4\" data-element_type=\"widget\" data-e-type=\"widget\" data-widget_type=\"text-editor.default\">\n\t\t\t\t<div class=\"elementor-widget-container\">\n\t\t\t\t\t\t\t\t\t<h2 style=\"text-align: left;\">Transporte MICE y Ejecutivo en Albania<\/h2><p><em>Log\u00edstica MICE a medida, traslados ejecutivos y servicios de ch\u00f3fer de primera categor\u00eda en Albania, Montenegro, Kosovo y los Balcanes en general.<\/em><\/p><p>Aria Travel Albania entrega <strong>transporte MICE de primera calidad y servicios de ch\u00f3fer ejecutivo<\/strong> para eventos corporativos, viajes de incentivo, delegaciones VIP y itinerarios de negocios de varios d\u00edas en los Balcanes. Desde <strong>traslados del aeropuerto en Tirana<\/strong> a <strong>log\u00edstica transfronteriza entre Albania, Montenegro y Kosovo<\/strong>, Ofrecemos una coordinaci\u00f3n perfecta con un enfoque personalizado.<\/p><h2>Nuestra experiencia en MICE<\/h2><p>En Aria Travel Albania, entendemos que los eventos corporativos y los viajes de incentivo requieren precisi\u00f3n, discreci\u00f3n y una ejecuci\u00f3n impecable. Ofrecemos m\u00e1s que transporte. Proporcionamos una asociaci\u00f3n log\u00edstica completa dise\u00f1ada para planificadores, agencias y equipos ejecutivos.\u00a0<\/p><ul><li><strong>Gesti\u00f3n de delegaci\u00f3n<\/strong> con llegadas y salidas coordinadas, incluyendo el monitoreo de vuelos en tiempo real<\/li><li><strong>Soluciones de transporte<\/strong> entre hoteles, lugares para conferencias, ubicaciones para galas y espacios para reuniones<\/li><li><strong>Transporte de viajes de incentivo<\/strong> para experiencias premium, desde visitas a vi\u00f1edos hasta retiros en la monta\u00f1a<\/li><li><strong>Servicios de ch\u00f3fer VIP<\/strong> para conferenciantes, ejecutivos e invitados de alto nivel<\/li><li><strong>Opciones de transporte de marca<\/strong> para una presencia corporativa pulida y coherente durante los eventos<\/li><\/ul><h2>La Flota Elite de Aria\u00a0<\/h2><p>Nuestra flota se presenta para satisfacer las expectativas de los viajeros de negocios modernos: impecable, c\u00f3moda y lista tanto para traslados cortos como para viajes regionales de varios d\u00edas.<\/p><table width=\"100%\"><thead><tr><td width=\"85\">Clase de veh\u00edculo<\/td><td width=\"35\">Capacidad<\/td><td width=\"408\">Caracter\u00edsticas<\/td><\/tr><\/thead><tbody><tr><td width=\"85\"><strong>Berlina ejecutiva<\/strong><\/td><td width=\"35\">1\u20133 Pax<\/td><td width=\"408\">Interiores de cuero, climatizador, agua embotellada, ideal para ponentes VIP y traslados privados para ejecutivos.<\/td><\/tr><tr><td width=\"85\"><strong>SUV de lujo<\/strong><\/td><td width=\"35\">1\u20134 Personas<\/td><td width=\"408\">Comodidad premium, flexibilidad en rutas esc\u00e9nicas, ideal para tours VIP y viajes transfronterizos<\/td><\/tr><tr><td width=\"85\"><strong>Monovolumen Premium<\/strong><\/td><td width=\"35\">5-7 personas<\/td><td width=\"408\">Mercedes Clase V, asientos espaciosos, excelente para peque\u00f1as delegaciones y reuniones m\u00f3viles<\/td><\/tr><tr><td width=\"85\"><strong>Sprinter Ejecutivo<\/strong><\/td><td width=\"35\">8-19 personas<\/td><td width=\"408\">Gran capacidad de equipaje, confort premium, Wi-Fi de alta velocidad para grupos de negocios<\/td><\/tr><tr><td width=\"85\"><strong>Gran autocar VIP<\/strong><\/td><td width=\"35\">20\u201350 Pax<\/td><td width=\"408\">Confort de 5 estrellas para conferencias, grupos de incentivos y grandes delegaciones de empresas<\/td><\/tr><\/tbody><\/table><h2>\u00a0<\/h2><h2>Excelencia regional en los Balcanes<\/h2><p>Lo que diferencia a Aria Travel Albania es nuestra capacidad para gestionar <strong>transporte ejecutivo transfronterizo en los Balcanes<\/strong> con confianza y cuidado. Apoyamos itinerarios multinacionales que conectan Albania con los destinos vecinos, manteniendo al mismo tiempo una experiencia de primera calidad para los hu\u00e9spedes en todo momento.<\/p><ul><li><strong>Coordinaci\u00f3n transfronteriza<\/strong> para viajar entre Albania, Montenegro, Kosovo y Macedonia del Norte<\/li><li><strong>Gesti\u00f3n de permisos y rutas<\/strong> apoyar la fluidez de las operaciones regionales<\/li><li><strong>Conductores multiling\u00fces y coordinaci\u00f3n local<\/strong> para una comunicaci\u00f3n clara y un servicio fiable<\/li><li><strong>soporte de despacho 24\/7<\/strong> para estar tranquilo en cada etapa del viaje<\/li><li><strong>Soluciones de transporte seguro y deber de protecci\u00f3n<\/strong> para viajeros de empresa y organizadores de eventos<\/li><\/ul><h2>Centros clave a los que servimos<\/h2><p>Ofrecemos servicios de traslados ejecutivos y transporte para MICE en los principales centros de negocios y de viajes, entre ellos:<\/p><ul><li><strong>Tirana<\/strong><\/li><li><strong>Aeropuerto Mother Teresa (TIA)<\/strong><\/li><li><strong>Durr\u00ebs<\/strong><\/li><li><strong>Shkoder<\/strong><\/li><li><strong>Vlore<\/strong><\/li><li><strong>Pez, Kosovo<\/strong><\/li><li><strong>Pristina, Kosovo<\/strong><\/li><\/ul><p>Ya sea que necesites un <strong>ch\u00f3fer de lujo en Tirana<\/strong>, a <strong>Traslado corporativo al aeropuerto de Albania<\/strong>, o un plan de transporte regional de varios d\u00edas, nuestro equipo asegura que cada movimiento se maneje con profesionalismo y precisi\u00f3n.<\/p><h2>\u00bfPor qu\u00e9 Aria Travel Albania?<\/h2><p>Aria Travel Albania combina la eficacia necesaria para la log\u00edstica empresarial con la calidez y el refinamiento de un operador boutique balc\u00e1nico.<\/p><ul><li><strong>Planificaci\u00f3n a medida<\/strong> para cada delegaci\u00f3n, itinerario y cronograma de eventos<\/li><li><strong>Profundo conocimiento de la regi\u00f3n<\/strong> en Albania y los Balcanes<\/li><li><strong>Est\u00e1ndares de servicio premium<\/strong> con una mentalidad de hospitalidad boutique<\/li><li><strong>Apoyo fiable sobre el terreno<\/strong> antes, durante y despu\u00e9s de cada viaje<\/li><li><strong>Soluciones flexibles<\/strong> para conferencias, viajes ejecutivos, viajes de incentivo y traslados VIP<\/li><\/ul><h2>\u00bfPlanea un evento?<\/h2><p>Deja que nuestro equipo de log\u00edstica se encargue de los detalles. Creamos planes de eventos personalizados para conferencias, visitas ejecutivas, programas de incentivos y viajes corporativos transfronterizos.<\/p><p><strong>Solicitar una cotizaci\u00f3n de MICE<\/strong> y perm\u00edtanos dise\u00f1ar una soluci\u00f3n de transporte perfecta y de primera calidad para su pr\u00f3ximo evento en Albania y los Balcanes.<\/p><h2>Preguntas frecuentes<\/h2><h3>1. \u00bfProporcionan transporte MICE en Albania para conferencias y eventos corporativos?<\/h3><p>S\u00ed. Aria Travel Albania ofrece servicios de transporte MICE a medida para conferencias, reuniones corporativas, viajes de incentivo, eventos de gala, exposiciones y viajes de negocios ejecutivos en Albania y los Balcanes. Coordinamos llegadas de aeropuerto, traslados a lugares, lanzaderas de hotel y log\u00edstica completa de transporte para eventos.<\/p><h3>\u00bfPuede organizar transporte ejecutivo transfronterizo entre Albania, Montenegro y Kosovo?<\/h3><p>S\u00ed. Ofrecemos transporte ejecutivo transfronterizo entre Albania, Montenegro, Kosovo y otros destinos de los Balcanes. Nuestro equipo gestiona la planificaci\u00f3n de rutas, la programaci\u00f3n y la coordinaci\u00f3n operativa para garantizar un viaje fluido a grupos corporativos, invitados VIP y delegaciones empresariales.<\/p><h3>3. \u00bfOfrecen traslados al aeropuerto desde el Aeropuerto Internacional de Tirana?<\/h3><p>S\u00ed. Ofrecemos traslados ejecutivos al aeropuerto desde el Aeropuerto Internacional de Tirana (TIA) para particulares, viajeros corporativos, invitados VIP y grupos. Tambi\u00e9n organizamos servicio de bienvenida, programaci\u00f3n basada en vuelos y traslados posteriores a hoteles, lugares y destinos en toda Albania.<\/p><h3>4. \u00bfPueden gestionar el transporte para grandes delegaciones y grupos corporativos?<\/h3><p>S\u00ed. Aria Travel Albania puede gestionar el transporte para grandes delegaciones, conferencias, grupos de negocios y eventos de incentivo. Ofrecemos soluciones de transporte escalables que incluyen sedanes ejecutivos, SUVs de lujo, minivans premium, sprinters y autobuses, dependiendo del tama\u00f1o del grupo y los requisitos del evento.<\/p><h3>5. \u00bfHablan ingl\u00e9s tus conductores?<\/h3><p>S\u00ed. Trabajamos con conductores y coordinadores profesionales que pueden brindar apoyo a viajeros internacionales en ingl\u00e9s y ayudar con una comunicaci\u00f3n fluida durante todo el viaje.<\/p><h3>6. \u00bfQu\u00e9 tipos de veh\u00edculos ofrecen para transporte ejecutivo y de eventos?<\/h3><p>Nuestra flota incluye sedanes ejecutivos Mercedes Benz Clase S y Audi A8 para viajeros individuales, SUVs de lujo Toyota Land Cruiser para traslados premium, minivans premium Mercedes Benz Clase V para grupos peque\u00f1os, Sprinter Mercedes Benz ejecutivas para delegaciones medianas, y autobuses Mercedes Benz Setra para grandes eventos y conferencias.<\/p><h3>7. \u00bfQu\u00e9 destinos y centros de operaciones cubre?<\/h3><p>Servimos destinos clave y centros de transporte en Albania y los Balcanes, incluyendo Tirana, Aeropuerto Internacional de Tirana, Durr\u00ebs, Vlora, Gjirokast\u00ebr, Shkod\u00ebr, Budva, Kotor, Peja y Pristina, Skopje. Los servicios se adaptan a cada itinerario, evento o programa de negocios.<\/p><h3>8. \u00bfOfrecen servicio de ch\u00f3fer para VIPs y ejecutivos?<\/h3><p>S\u00ed. Ofrecemos servicios de ch\u00f3fer premium para ejecutivos, oradores, diplom\u00e1ticos, invitados VIP y viajeros privados que requieren comodidad, discreci\u00f3n, fiabilidad y apoyo profesional en el terreno.<\/p><h3>9. \u00bfPuede coordinar el transporte para viajes de incentivo y eventos de varios d\u00edas?<\/h3><p>S\u00ed. Coordinamos el transporte para programas de incentivos, retiros, roadshows y eventos corporativos de varios d\u00edas. Esto incluye llegadas al aeropuerto, horarios diarios, traslados a lugares, transporte para galas nocturnas y movimientos regionales a trav\u00e9s de m\u00faltiples destinos.<\/p><h3>10. \u00bfOfrecen soporte 24\/7 durante eventos, tours y traslados?<\/h3><p>S\u00ed. Nuestro equipo brinda soporte operativo las 24 horas del d\u00eda, los 7 d\u00edas de la semana para servicios de MICE y gu\u00edas ejecutivos y de transporte, ayudando a los clientes a gestionar cambios de horario, actualizaciones de vuelos y coordinaci\u00f3n en tiempo real durante el viaje o evento.\u00a0<\/p>\t\t\t\t\t\t\t\t<\/div>\n\t\t\t\t<\/div>\n\t\t\t\t\t<\/div>\n\t\t\t\t<\/div>\n\t\t\t\t<\/div>","protected":false},"excerpt":{"rendered":"<p>MICE &amp; Executive Transportation in Albania Bespoke MICE logistics, executive transfers, and premium chauffeur services across Albania, Montenegro, Kosovo, and the wider Balkans. Aria Travel Albania delivers premium MICE transport and executive chauffeur services for corporate events, incentive travel, VIP delegations, and multi-day business itineraries across the Balkans. From airport transfers in Tirana to cross-border [&hellip;]<\/p>\n","protected":false},"author":1,"featured_media":22168,"parent":0,"menu_order":0,"comment_status":"closed","ping_status":"closed","template":"","meta":{"footnotes":""},"class_list":["post-22165","page","type-page","status-publish","has-post-thumbnail","hentry"],"_hostinger_reach_plugin_has_subscription_block":false,"_hostinger_reach_plugin_is_elementor":false,"_links":{"self":[{"href":"https:\/\/www.ariatravelalbania.com\/es\/wp-json\/wp\/v2\/pages\/22165","targetHints":{"allow":["GET"]}}],"collection":[{"href":"https:\/\/www.ariatravelalbania.com\/es\/wp-json\/wp\/v2\/pages"}],"about":[{"href":"https:\/\/www.ariatravelalbania.com\/es\/wp-json\/wp\/v2\/types\/page"}],"author":[{"embeddable":true,"href":"https:\/\/www.ariatravelalbania.com\/es\/wp-json\/wp\/v2\/users\/1"}],"replies":[{"embeddable":true,"href":"https:\/\/www.ariatravelalbania.com\/es\/wp-json\/wp\/v2\/comments?post=22165"}],"version-history":[{"count":0,"href":"https:\/\/www.ariatravelalbania.com\/es\/wp-json\/wp\/v2\/pages\/22165\/revisions"}],"wp:featuredmedia":[{"embeddable":true,"href":"https:\/\/www.ariatravelalbania.com\/es\/wp-json\/wp\/v2\/media\/22168"}],"wp:attachment":[{"href":"https:\/\/www.ariatravelalbania.com\/es\/wp-json\/wp\/v2\/media?parent=22165"}],"curies":[{"name":"wp","href":"https:\/\/api.w.org\/{rel}","templated":true}]}}