{"id":21249,"date":"2025-11-14T10:16:08","date_gmt":"2025-11-14T10:16:08","guid":{"rendered":"https:\/\/www.ariatravelalbania.com\/?page_id=21249"},"modified":"2025-11-14T10:16:08","modified_gmt":"2025-11-14T10:16:08","slug":"transporte-de-lujo-en-albania","status":"publish","type":"page","link":"https:\/\/www.ariatravelalbania.com\/es\/albania-luxury-transport\/","title":{"rendered":"Transporte de lujo en Albania"},"content":{"rendered":"<p><strong>Transporte de lujo en Albania<\/strong><\/p>\n<p>&nbsp;<\/p>\n<h3>\u2728 <b>Lujo en movimiento: Viajes por tierra a medida en Albania<\/b><\/h3>\n<p>&nbsp;<\/p>\n<p data-path-to-node=\"4\">Para el viajero que exige lo mejor, <b>Ariatravelalbania.com<\/b> ofrece servicios terrestres que redefinen el lujo alban\u00e9s. No nos limitamos a proporcionar transporte, sino que creamos una experiencia de viaje refinada en la que cada momento se pasa con la m\u00e1xima comodidad y privacidad.<\/p>\n<p data-path-to-node=\"5\">Entendemos que su tiempo es su activo m\u00e1s valioso. Por eso nuestro servicio est\u00e1 dise\u00f1ado para ser invisible, intuitivo y perfectamente adaptado a sus necesidades.<\/p>\n<ul data-path-to-node=\"6\">\n<li>\n<p data-path-to-node=\"6,0,0\"><b>Traslados VIP discretos:<\/b> Traslados coordinados y sin esfuerzo desde el Aeropuerto Internacional de Tirana (TIA) o cualquier lugar de los Balcanes, con <b>seguimiento de vuelos en tiempo real<\/b> y un servicio de encuentro personalizado y silencioso.<\/p>\n<\/li>\n<li>\n<p data-path-to-node=\"6,1,0\"><b>La norma ejecutiva:<\/b> Nuestros veh\u00edculos se seleccionan por su comodidad y prestigio superiores: el est\u00e1ndar de oro para viajes ejecutivos, eventos de alto nivel y desplazamientos interurbanos. Visite <b>interiores de cuero premium, climatizador y Wi-Fi a bordo<\/b>.<\/p>\n<\/li>\n<li>\n<p data-path-to-node=\"6,2,0\"><b>Itinerarios personalizados:<\/b> \u00bfNecesita un ch\u00f3fer dedicado durante 12 horas? \u00bfUn coche privado que le lleve de Tirana a Sarand\u00eb con una parada panor\u00e1mica en Berat? Nuestro equipo dise\u00f1a su ruta con <b>m\u00e1xima flexibilidad<\/b>, lo que permite realizar paradas imprevistas y cambios de \u00faltima hora sin vacilar.<\/p>\n<\/li>\n<\/ul>\n<p data-path-to-node=\"7\"><b>Con nosotros, su viaje por Albania se convierte en una extensi\u00f3n perfecta de su lujoso estilo de vida.<\/b><\/p>\n<hr data-path-to-node=\"8\" \/>\n<h3>Nuestra flota y servicios exclusivos<\/h3>\n<p>&nbsp;<\/p>\n<p data-path-to-node=\"10\">Para satisfacer las diversas demandas de nuestra clientela, mantenemos una amplia flota de veh\u00edculos inmaculados de \u00faltimo modelo, conducidos por ch\u00f3feres profesionales y multiling\u00fces. Ofrecemos soluciones a medida para particulares, grupos peque\u00f1os, delegaciones corporativas y grandes viajes de lujo.<\/p>\n<table data-path-to-node=\"11\">\n<thead>\n<tr>\n<td><strong>Clase de veh\u00edculo<\/strong><\/td>\n<td><strong>Modelos de ejemplo<\/strong><\/td>\n<td><strong>Ideal para<\/strong><\/td>\n<\/tr>\n<\/thead>\n<tbody>\n<tr>\n<td data-path-to-node=\"11,1,0,0\"><b>Berlina de primera clase<\/b><\/td>\n<td data-path-to-node=\"11,1,1,0\"><b>Mercedes-Benz Clase S<\/b><\/td>\n<td data-path-to-node=\"11,1,2,0\">Servicio diplom\u00e1tico, traslados de alto nivel y el m\u00e1ximo lujo personal.<\/td>\n<\/tr>\n<tr>\n<td data-path-to-node=\"11,2,0,0\"><b>Berlina ejecutiva<\/b><\/td>\n<td data-path-to-node=\"11,2,1,0\"><b>Audi A8<\/b><\/td>\n<td data-path-to-node=\"11,2,2,0\">Viajes de negocios, traslados interurbanos de larga distancia y viajes premium en pareja.<\/td>\n<\/tr>\n<tr>\n<td data-path-to-node=\"11,3,0,0\"><b>Furgoneta VIP<\/b><\/td>\n<td data-path-to-node=\"11,3,1,0\"><b>Mercedes-Benz Clase V<\/b><\/td>\n<td data-path-to-node=\"11,3,2,0\">Traslados familiares, peque\u00f1os grupos ejecutivos (hasta 7 pasajeros) y transporte discreto.<\/td>\n<\/tr>\n<tr>\n<td data-path-to-node=\"11,4,0,0\"><b>Minib\u00fas de lujo<\/b><\/td>\n<td data-path-to-node=\"11,4,1,0\"><b>Autob\u00fas de lujo Mercedes-Benz Sprinter<\/b><\/td>\n<td data-path-to-node=\"11,4,2,0\">Viajes para grupos m\u00e1s grandes, roadshows y viajes c\u00f3modos en grupo con mayores comodidades.<\/td>\n<\/tr>\n<tr>\n<td data-path-to-node=\"11,5,0,0\"><b>Autocar Premium<\/b><\/td>\n<td data-path-to-node=\"11,5,1,0\"><b>Autob\u00fas Mercedes-Benz Setra<\/b><\/td>\n<td data-path-to-node=\"11,5,2,0\">Viajes de lujo a gran escala, viajes de larga distancia, que combinan seguridad, comodidad y espacio.<\/td>\n<\/tr>\n<\/tbody>\n<\/table>\n<h4><b>Nota sobre la excelencia en los viajes en grupo<\/b><\/h4>\n<p>&nbsp;<\/p>\n<p data-path-to-node=\"13\">Para nuestros grupos m\u00e1s grandes, el <b>Autob\u00fas de lujo Mercedes-Benz Sprinter<\/b> y <b>Autob\u00fas Mercedes-Benz Setra<\/b> est\u00e1n equipados a medida para garantizar el mantenimiento de los m\u00e1s altos niveles de confort y seguridad, incluso con una mayor capacidad. Esto significa que todos los pasajeros disfrutan de asientos de primera calidad, climatizaci\u00f3n y la tranquilidad que proporciona la ingenier\u00eda alemana l\u00edder del sector.<\/p>\n<h4><b>Los servicios clave incluyen:<\/b><\/h4>\n<p>&nbsp;<\/p>\n<ul data-path-to-node=\"15\">\n<li>\n<p data-path-to-node=\"15,0,0\"><b>Traslados VIP al aeropuerto (TIA):<\/b> Servicio puerta a puerta sin interrupciones entre el aeropuerto y su residencia u hotel.<\/p>\n<\/li>\n<li>\n<p data-path-to-node=\"15,1,0\"><b>Servicio de ch\u00f3fer por horas:<\/b> Un veh\u00edculo y un conductor dedicados a su disposici\u00f3n durante un periodo definido.<\/p>\n<\/li>\n<li>\n<p data-path-to-node=\"15,2,0\"><b>Conducciones privadas interurbanas:<\/b> Viajes lujosos y eficientes entre las principales ciudades albanesas y regionales.<\/p>\n<\/li>\n<li>\n<p data-path-to-node=\"15,3,0\"><b>Transporte corporativo y diplom\u00e1tico:<\/b> Servicios discretos y seguros para delegaciones, grandes grupos de empresas e invitados de alto nivel.<\/p>\n<\/li>\n<\/ul>\n<h3>Versatilidad inigualable. Lujo absoluto.<\/h3>\n<p>&nbsp;<\/p>\n<p data-path-to-node=\"4\">La amplia gama de veh\u00edculos de <b>Aria Travel Albania<\/b>\u00a0es un testimonio de nuestro compromiso de atender todos los aspectos de los viajes de lujo en Albania, sin importar su escala o complejidad.<\/p>\n<p data-path-to-node=\"5\">Nos movemos con fluidez de lo personal a lo prestigioso, ofreciendo soluciones que abarcan todas las necesidades:<\/p>\n<blockquote data-path-to-node=\"6\">\n<p data-path-to-node=\"6,0\">\u201cTanto si necesita un <b>discreto, Sed\u00e1n de primera clase (Mercedes Clase S)<\/b> para un traslado ejecutivo o necesita organizar un <b>viaje de lujo a gran escala<\/b> utilizando la comodidad y seguridad de nuestros <b>Autocares Mercedes-Benz Setra<\/b>, Ariatravelalbania ofrece <b>servicio ininterrumpido de cinco estrellas<\/b> a lo largo de todo su itinerario. Esta completa colecci\u00f3n de veh\u00edculos ampl\u00eda significativamente el atractivo del mercado, garantizando que podemos ocuparnos de todo, desde un \u00fanico trayecto VIP al aeropuerto hasta la log\u00edstica de viajes en grupo m\u00e1s exigente.\u201d<\/p>\n<\/blockquote>\n<p data-path-to-node=\"7\"><b>Deje de coordinar una log\u00edstica compleja y empiece a disfrutar de su viaje.<\/b><\/p>\n<p data-path-to-node=\"8\"><b>P\u00f3ngase en contacto con nosotros<\/b> para transformar todas sus necesidades de viaje en una experiencia de lujo \u00fanica y perfecta, hecha a su medida.<\/p>\n<p data-path-to-node=\"8\">WhatsApp: +355692234999<\/p>","protected":false},"excerpt":{"rendered":"<p>Albania Luxury Transport &nbsp; \u2728 Luxury in Motion: Bespoke Ground Travel in Albania &nbsp; For the traveler who demands the absolute best, Ariatravelalbania.com offers ground services that redefine Albanian luxury. We don&#8217;t just provide transportation; we curate a refined travel experience where every moment is spent in utmost comfort and privacy. We understand that your [&hellip;]<\/p>\n","protected":false},"author":1,"featured_media":21253,"parent":0,"menu_order":0,"comment_status":"closed","ping_status":"closed","template":"template-cars-search.php","meta":{"footnotes":""},"class_list":["post-21249","page","type-page","status-publish","has-post-thumbnail","hentry"],"_hostinger_reach_plugin_has_subscription_block":false,"_hostinger_reach_plugin_is_elementor":false,"_links":{"self":[{"href":"https:\/\/www.ariatravelalbania.com\/es\/wp-json\/wp\/v2\/pages\/21249","targetHints":{"allow":["GET"]}}],"collection":[{"href":"https:\/\/www.ariatravelalbania.com\/es\/wp-json\/wp\/v2\/pages"}],"about":[{"href":"https:\/\/www.ariatravelalbania.com\/es\/wp-json\/wp\/v2\/types\/page"}],"author":[{"embeddable":true,"href":"https:\/\/www.ariatravelalbania.com\/es\/wp-json\/wp\/v2\/users\/1"}],"replies":[{"embeddable":true,"href":"https:\/\/www.ariatravelalbania.com\/es\/wp-json\/wp\/v2\/comments?post=21249"}],"version-history":[{"count":0,"href":"https:\/\/www.ariatravelalbania.com\/es\/wp-json\/wp\/v2\/pages\/21249\/revisions"}],"wp:featuredmedia":[{"embeddable":true,"href":"https:\/\/www.ariatravelalbania.com\/es\/wp-json\/wp\/v2\/media\/21253"}],"wp:attachment":[{"href":"https:\/\/www.ariatravelalbania.com\/es\/wp-json\/wp\/v2\/media?parent=21249"}],"curies":[{"name":"wp","href":"https:\/\/api.w.org\/{rel}","templated":true}]}}