{"id":22165,"date":"2026-03-31T20:29:30","date_gmt":"2026-03-31T20:29:30","guid":{"rendered":"https:\/\/www.ariatravelalbania.com\/?page_id=22165"},"modified":"2026-03-31T21:36:13","modified_gmt":"2026-03-31T21:36:13","slug":"mice-executive-transport-in-albanien","status":"publish","type":"page","link":"https:\/\/www.ariatravelalbania.com\/de\/mice-executive-transportation-in-albania\/","title":{"rendered":"MICE &amp; Executive Transport in Albanien"},"content":{"rendered":"<div data-elementor-type=\"wp-page\" data-elementor-id=\"22165\" class=\"elementor elementor-22165\">\n\t\t\t\t<div class=\"elementor-element elementor-element-69cd6153 e-flex e-con-boxed e-con e-parent\" data-id=\"69cd6153\" data-element_type=\"container\" data-e-type=\"container\">\n\t\t\t\t\t<div class=\"e-con-inner\">\n\t\t\t\t<div class=\"elementor-element elementor-element-09a39d1 elementor-arrows-position-inside elementor-pagination-position-outside elementor-widget elementor-widget-image-carousel\" data-id=\"09a39d1\" data-element_type=\"widget\" data-e-type=\"widget\" data-settings=\"{&quot;navigation&quot;:&quot;both&quot;,&quot;autoplay&quot;:&quot;yes&quot;,&quot;pause_on_hover&quot;:&quot;yes&quot;,&quot;pause_on_interaction&quot;:&quot;yes&quot;,&quot;autoplay_speed&quot;:5000,&quot;infinite&quot;:&quot;yes&quot;,&quot;speed&quot;:500}\" data-widget_type=\"image-carousel.default\">\n\t\t\t\t<div class=\"elementor-widget-container\">\n\t\t\t\t\t\t\t<div class=\"elementor-image-carousel-wrapper swiper\" role=\"region\" aria-roledescription=\"carousel\" aria-label=\"Bild-Karussell\" dir=\"ltr\">\n\t\t\t<div class=\"elementor-image-carousel swiper-wrapper\" aria-live=\"off\">\n\t\t\t\t\t\t\t\t<div class=\"swiper-slide\" role=\"group\" aria-roledescription=\"slide\" aria-label=\"1 von 19\" data-no-translation-aria-label=\"\"><figure class=\"swiper-slide-inner\"><img decoding=\"async\" class=\"swiper-slide-image\" src=\"https:\/\/www.ariatravelalbania.com\/wp-content\/uploads\/2026\/03\/meeting-incentives-conferences-events-tirana-5-300x300.png\" alt=\"Meetings Incentives Konferenzen Events Tirana\" title=\"\"><\/figure><\/div><div class=\"swiper-slide\" role=\"group\" aria-roledescription=\"slide\" aria-label=\"2 von 19\" data-no-translation-aria-label=\"\"><figure class=\"swiper-slide-inner\"><img decoding=\"async\" class=\"swiper-slide-image\" src=\"https:\/\/www.ariatravelalbania.com\/wp-content\/uploads\/2026\/03\/meeting-incentives-conferences-events-tirana-300x300.jpg\" alt=\"Meetings Incentives Konferenzen Events Tirana\" title=\"\"><\/figure><\/div><div class=\"swiper-slide\" role=\"group\" aria-roledescription=\"slide\" aria-label=\"3 von 19\" data-no-translation-aria-label=\"\"><figure class=\"swiper-slide-inner\"><img decoding=\"async\" class=\"swiper-slide-image\" src=\"https:\/\/www.ariatravelalbania.com\/wp-content\/uploads\/2026\/03\/meeting-incentives-conferences-events-tirana-3-1-300x300.jpeg\" alt=\"Meetings Incentives Konferenzen Events Tirana\" title=\"\"><\/figure><\/div><div class=\"swiper-slide\" role=\"group\" aria-roledescription=\"slide\" aria-label=\"4 von 19\" data-no-translation-aria-label=\"\"><figure class=\"swiper-slide-inner\"><img decoding=\"async\" class=\"swiper-slide-image\" src=\"https:\/\/www.ariatravelalbania.com\/wp-content\/uploads\/2026\/03\/Aria-Travel-luxury-MICE-2-300x300.webp\" alt=\"Meetings Incentives Konferenzen Events Tirana\" title=\"\"><\/figure><\/div><div class=\"swiper-slide\" role=\"group\" aria-roledescription=\"slide\" aria-label=\"5 von 19\" data-no-translation-aria-label=\"\"><figure class=\"swiper-slide-inner\"><img decoding=\"async\" class=\"swiper-slide-image\" src=\"https:\/\/www.ariatravelalbania.com\/wp-content\/uploads\/2026\/03\/meeting-incentives-conferences-events-tirana-6-300x300.jpeg\" alt=\"Meeting-Incentive-Konferenzen-Events Tirana 6\" title=\"\"><\/figure><\/div><div class=\"swiper-slide\" role=\"group\" aria-roledescription=\"slide\" aria-label=\"6 von 19\" data-no-translation-aria-label=\"\"><figure class=\"swiper-slide-inner\"><img decoding=\"async\" class=\"swiper-slide-image\" src=\"https:\/\/www.ariatravelalbania.com\/wp-content\/uploads\/2026\/03\/meeting-incentives-conferences-events-tirana-4-300x300.jpg\" alt=\"Meetings Incentives Konferenzen Events Tirana\" title=\"\"><\/figure><\/div><div class=\"swiper-slide\" role=\"group\" aria-roledescription=\"slide\" aria-label=\"7 von 19\" data-no-translation-aria-label=\"\"><figure class=\"swiper-slide-inner\"><img decoding=\"async\" class=\"swiper-slide-image\" src=\"https:\/\/www.ariatravelalbania.com\/wp-content\/uploads\/2026\/03\/meeting-incentives-conferences-events-tirana-300x300.webp\" alt=\"Meetings Incentives Konferenzen Events Tirana\" title=\"\"><\/figure><\/div><div class=\"swiper-slide\" role=\"group\" aria-roledescription=\"slide\" aria-label=\"8 von 19\" data-no-translation-aria-label=\"\"><figure class=\"swiper-slide-inner\"><img decoding=\"async\" class=\"swiper-slide-image\" src=\"https:\/\/www.ariatravelalbania.com\/wp-content\/uploads\/2026\/03\/meeting-incentives-conferences-events-tirana-2-300x300.jpg\" alt=\"Meetings Incentives Konferenzen Events Tirana\" title=\"\"><\/figure><\/div><div class=\"swiper-slide\" role=\"group\" aria-roledescription=\"slide\" aria-label=\"9 von 19\" data-no-translation-aria-label=\"\"><figure class=\"swiper-slide-inner\"><img decoding=\"async\" class=\"swiper-slide-image\" src=\"https:\/\/www.ariatravelalbania.com\/wp-content\/uploads\/2026\/03\/Aria-Travel-luxury-MICE-300x300.webp\" alt=\"Meetings Incentives Konferenzen Events Tirana\" title=\"\"><\/figure><\/div><div class=\"swiper-slide\" role=\"group\" aria-roledescription=\"slide\" aria-label=\"10 von 19\" data-no-translation-aria-label=\"\"><figure class=\"swiper-slide-inner\"><img decoding=\"async\" class=\"swiper-slide-image\" src=\"https:\/\/www.ariatravelalbania.com\/wp-content\/uploads\/2025\/07\/Mercedes-Benz-S-Class-Albania-2-300x300.jpeg\" alt=\"Mercedes Benz S-Klasse Albanien (2)\" title=\"\"><\/figure><\/div><div class=\"swiper-slide\" role=\"group\" aria-roledescription=\"slide\" aria-label=\"11 von 19\" data-no-translation-aria-label=\"\"><figure class=\"swiper-slide-inner\"><img decoding=\"async\" class=\"swiper-slide-image\" src=\"https:\/\/www.ariatravelalbania.com\/wp-content\/uploads\/2025\/07\/Mercedes-Benz-S-Class-Albania-3-300x300.jpeg\" alt=\"Mercedes Benz S-Klasse Albanien (3)\" title=\"\"><\/figure><\/div><div class=\"swiper-slide\" role=\"group\" aria-roledescription=\"slide\" aria-label=\"12 von 19\" data-no-translation-aria-label=\"\"><figure class=\"swiper-slide-inner\"><img decoding=\"async\" class=\"swiper-slide-image\" src=\"https:\/\/www.ariatravelalbania.com\/wp-content\/uploads\/2025\/07\/Mercedes-Benz-S-Class-Albania-4-300x300.jpeg\" alt=\"Mercedes Benz S Klasse Albanien (4)\" title=\"\"><\/figure><\/div><div class=\"swiper-slide\" role=\"group\" aria-roledescription=\"slide\" aria-label=\"13 von 19\" data-no-translation-aria-label=\"\"><figure class=\"swiper-slide-inner\"><img decoding=\"async\" class=\"swiper-slide-image\" src=\"https:\/\/www.ariatravelalbania.com\/wp-content\/uploads\/2025\/11\/Albania-Vip-Transport-Mercedes-S-Class-300x300.jpeg\" alt=\"Albanien Luxustransport\" title=\"\"><\/figure><\/div><div class=\"swiper-slide\" role=\"group\" aria-roledescription=\"slide\" aria-label=\"14 von 19\" data-no-translation-aria-label=\"\"><figure class=\"swiper-slide-inner\"><img decoding=\"async\" class=\"swiper-slide-image\" src=\"https:\/\/www.ariatravelalbania.com\/wp-content\/uploads\/2024\/04\/MERCEDES-BENZ-V-CLASS-3-300x300.jpg\" alt=\"MERCEDES BENZ V-KLASSE\" title=\"\"><\/figure><\/div><div class=\"swiper-slide\" role=\"group\" aria-roledescription=\"slide\" aria-label=\"15 von 19\" data-no-translation-aria-label=\"\"><figure class=\"swiper-slide-inner\"><img decoding=\"async\" class=\"swiper-slide-image\" src=\"https:\/\/www.ariatravelalbania.com\/wp-content\/uploads\/2024\/04\/Mercedes-Benz-V-class-Albania-2-300x300.jpeg\" alt=\"Mercedes Benz V-Klasse Albanien\" title=\"\"><\/figure><\/div><div class=\"swiper-slide\" role=\"group\" aria-roledescription=\"slide\" aria-label=\"16 von 19\" data-no-translation-aria-label=\"\"><figure class=\"swiper-slide-inner\"><img decoding=\"async\" class=\"swiper-slide-image\" src=\"https:\/\/www.ariatravelalbania.com\/wp-content\/uploads\/2024\/04\/Mercedes-Benz-V-class-Albania-4-300x300.jpeg\" alt=\"Mercedes Benz V-Klasse Albanien\" title=\"\"><\/figure><\/div><div class=\"swiper-slide\" role=\"group\" aria-roledescription=\"slide\" aria-label=\"17 von 19\" data-no-translation-aria-label=\"\"><figure class=\"swiper-slide-inner\"><img decoding=\"async\" class=\"swiper-slide-image\" src=\"https:\/\/www.ariatravelalbania.com\/wp-content\/uploads\/2024\/04\/Mercedes-Sprinter-Bus-year-2022-4-300x300.jpg\" alt=\"Mercedes Sprinter Bus Jahr 2022\" title=\"\"><\/figure><\/div><div class=\"swiper-slide\" role=\"group\" aria-roledescription=\"slide\" aria-label=\"18 von 19\" data-no-translation-aria-label=\"\"><figure class=\"swiper-slide-inner\"><img decoding=\"async\" class=\"swiper-slide-image\" src=\"https:\/\/www.ariatravelalbania.com\/wp-content\/uploads\/2024\/04\/MERCEDES-BENZ-SPRINTER-BUS-3-300x300.jpg\" alt=\"MERCEDES BENZ SPRINTER BUS\" title=\"\"><\/figure><\/div><div class=\"swiper-slide\" role=\"group\" aria-roledescription=\"slide\" aria-label=\"19 von 19\" data-no-translation-aria-label=\"\"><figure class=\"swiper-slide-inner\"><img decoding=\"async\" class=\"swiper-slide-image\" src=\"https:\/\/www.ariatravelalbania.com\/wp-content\/uploads\/2025\/01\/Aria-Travel-Luxury-Mercedes-Setra-Albania-1-300x300.jpeg\" alt=\"Aria Travel Luxus Mercedes Setra Albanien\" title=\"\"><\/figure><\/div>\t\t\t<\/div>\n\t\t\t\t\t\t\t\t\t\t\t\t<div class=\"elementor-swiper-button elementor-swiper-button-prev\" role=\"button\" tabindex=\"0\">\n\t\t\t\t\t\t<svg aria-hidden=\"true\" class=\"e-font-icon-svg e-eicon-chevron-left\" viewbox=\"0 0 1000 1000\" xmlns=\"http:\/\/www.w3.org\/2000\/svg\"><path d=\"M646 125C629 125 613 133 604 142L308 442C296 454 292 471 292 487 292 504 296 521 308 533L604 854C617 867 629 875 646 875 663 875 679 871 692 858 704 846 713 829 713 812 713 796 708 779 692 767L438 487 692 225C700 217 708 204 708 187 708 171 704 154 692 142 675 129 663 125 646 125Z\"><\/path><\/svg>\t\t\t\t\t<\/div>\n\t\t\t\t\t<div class=\"elementor-swiper-button elementor-swiper-button-next\" role=\"button\" tabindex=\"0\">\n\t\t\t\t\t\t<svg aria-hidden=\"true\" class=\"e-font-icon-svg e-eicon-chevron-right\" viewbox=\"0 0 1000 1000\" xmlns=\"http:\/\/www.w3.org\/2000\/svg\"><path d=\"M696 533C708 521 713 504 713 487 713 471 708 454 696 446L400 146C388 133 375 125 354 125 338 125 325 129 313 142 300 154 292 171 292 187 292 204 296 221 308 233L563 492 304 771C292 783 288 800 288 817 288 833 296 850 308 863 321 871 338 875 354 875 371 875 388 867 400 854L696 533Z\"><\/path><\/svg>\t\t\t\t\t<\/div>\n\t\t\t\t\n\t\t\t\t\t\t\t\t\t<div class=\"swiper-pagination\"><\/div>\n\t\t\t\t\t\t\t\t\t<\/div>\n\t\t\t\t\t\t<\/div>\n\t\t\t\t<\/div>\n\t\t\t\t<div class=\"elementor-element elementor-element-1892f6a4 elementor-widget elementor-widget-text-editor\" data-id=\"1892f6a4\" data-element_type=\"widget\" data-e-type=\"widget\" data-widget_type=\"text-editor.default\">\n\t\t\t\t<div class=\"elementor-widget-container\">\n\t\t\t\t\t\t\t\t\t<h2 style=\"text-align: left;\">MICE &amp; Executive Transport in Albanien<\/h2><p><em>Ma\u00dfgeschneiderte MICE-Logistik, Executive-Transfers und erstklassige Chauffeurdienste in Albanien, Montenegro, dem Kosovo und den weiteren Balkanl\u00e4ndern.<\/em><\/p><p>Aria Travel Albanien liefert <strong>Premium-MICE-Transport und Chauffeursdienste f\u00fcr F\u00fchrungskr\u00e4fte<\/strong> f\u00fcr Firmenveranstaltungen, Incentive-Reisen, VIP-Delegationen und mehrt\u00e4gige Gesch\u00e4ftsreisen auf dem gesamten Balkan. <strong>Flughafentransfers in Tirana<\/strong> zu <strong>grenz\u00fcberschreitende Logistik zwischen Albanien, Montenegro und dem Kosovo<\/strong>, Wir bieten eine nahtlose Koordination mit einem Boutique-Ansatz, der h\u00f6chsten Wert auf pers\u00f6nliche Betreuung legt.<\/p><h2>Unsere MICE-Expertise<\/h2><p>Bei Aria Travel Albania verstehen wir, dass Gesch\u00e4ftsveranstaltungen und Incentive-Reisen Pr\u00e4zision, Diskretion und eine reibungslose Abwicklung erfordern. Wir bieten mehr als nur Transport. Wir bieten eine umfassende logistische Partnerschaft, die f\u00fcr Planer, Agenturen und F\u00fchrungsteams konzipiert ist.\u00a0<\/p><ul><li><strong>Delegationsmanagement<\/strong> mit koordinierten Ank\u00fcnften und Abfl\u00fcgen, einschlie\u00dflich Echtzeit-Flugverfolgung<\/li><li><strong>Shuttle-L\u00f6sungen<\/strong> zwischen Hotels, Konferenzorten, Gala-Locations und Tagungsr\u00e4umen<\/li><li><strong>Incentive-Reisetransport<\/strong> f\u00fcr Premium-Erlebnisse, von Weinbergsbesuchen bis zu Bergrefugien<\/li><li><strong>VIP-Chauffeurdienste<\/strong> f\u00fcr Redner, F\u00fchrungskr\u00e4fte und hochrangige G\u00e4ste<\/li><li><strong>Markentransportm\u00f6glichkeiten<\/strong> f\u00fcr einen polierten und konsistenten Unternehmensauftritt bei Veranstaltungen<\/li><\/ul><h2>Die Aria Elite Flotte\u00a0<\/h2><p>Unsere Fahrzeugflotte ist darauf ausgelegt, die Erwartungen moderner Gesch\u00e4ftsreisender zu erf\u00fcllen: makellos, komfortabel und bereit f\u00fcr kurze Transfers ebenso wie f\u00fcr mehrt\u00e4gige regionale Fahrten.<\/p><table width=\"100%\"><thead><tr><td width=\"85\">Fahrzeugklasse<\/td><td width=\"35\">Kapazit\u00e4t<\/td><td width=\"408\">Eigenschaften<\/td><\/tr><\/thead><tbody><tr><td width=\"85\"><strong>Luxuslimousine<\/strong><\/td><td width=\"35\">1\u20133 Personen<\/td><td width=\"408\">Lederausstattung, Klimatisierung, Mineralwasser, ideal f\u00fcr VIP-Redner und private Transfers f\u00fcr F\u00fchrungskr\u00e4fte<\/td><\/tr><tr><td width=\"85\"><strong>Luxus-SUV<\/strong><\/td><td width=\"35\">1-4 Pax<\/td><td width=\"408\">Premium-Komfort, Flexibilit\u00e4t bei der Routenwahl, ideal f\u00fcr VIP-Touren und grenz\u00fcberschreitende Reisen<\/td><\/tr><tr><td width=\"85\"><strong>Premium-Minivan<\/strong><\/td><td width=\"35\">5\u20137 Personen<\/td><td width=\"408\">Ger\u00e4umige Sitze im Stil einer Mercedes V-Klasse, hervorragend geeignet f\u00fcr kleine Delegationen und mobile Meetings<\/td><\/tr><tr><td width=\"85\"><strong>Vorstandssprinter<\/strong><\/td><td width=\"35\">8\u201319 Pax<\/td><td width=\"408\">Gro\u00dfe Gep\u00e4ckkapazit\u00e4t, erstklassiger Komfort, Hochgeschwindigkeits-WLAN f\u00fcr Gesch\u00e4ftsreisende<\/td><\/tr><tr><td width=\"85\"><strong>VIP Grand Coach<\/strong><\/td><td width=\"35\">20\u201350 Pers.<\/td><td width=\"408\">5-Sterne-Komfort f\u00fcr Tagungen, Incentive-Gruppen und gro\u00dfe Unternehmensdelegationen<\/td><\/tr><\/tbody><\/table><h2>\u00a0<\/h2><h2>Regionale Exzellenz auf dem Balkan<\/h2><p>Was Aria Travel Albania auszeichnet, ist unsere F\u00e4higkeit, die <strong>grenz\u00fcberschreitender Exekutivverkehr auf dem Balkan<\/strong> mit Zuversicht und Sorgfalt. Wir unterst\u00fctzen mehrmonatige Reisepl\u00e4ne, die Albanien mit Nachbarl\u00e4ndern verbinden und dabei durchg\u00e4ngig ein erstklassiges G\u00e4steerlebnis bieten.<\/p><ul><li><strong>Grenz\u00fcberschreitende Koordinierung<\/strong> f\u00fcr Reisen zwischen Albanien, Montenegro, Kosovo und Nordmazedonien<\/li><li><strong>Genehmigungs- und Routenmanagement<\/strong> zur Unterst\u00fctzung eines reibungslosen regionalen Betriebs<\/li><li><strong>Mehrsprachige Fahrer und lokale Koordination<\/strong> f\u00fcr klare Kommunikation und zuverl\u00e4ssigen Service<\/li><li><strong>24\/7 Dispatch-Support<\/strong> f\u00fcr Seelenfrieden in jeder Phase der Reise<\/li><li><strong>Sorgfaltspflicht und versicherte Transportl\u00f6sungen<\/strong> f\u00fcr Gesch\u00e4ftsreisende und Veranstaltungsplaner<\/li><\/ul><h2>Wichtige Knotenpunkte, die wir bedienen<\/h2><p>Wir bieten Gesch\u00e4ftsreisen und MICE-Transportdienste in wichtigen Gesch\u00e4fts- und Verkehrsknotenpunkten an, darunter:<\/p><ul><li><strong>Tirana<\/strong><\/li><li><strong>Mutter Teresa Flughafen (TIA)<\/strong><\/li><li><strong>Durr\u00ebs<\/strong><\/li><li><strong>Shkoder<\/strong><\/li><li><strong>Vlore<\/strong><\/li><li><strong>Peje, Kosovo<\/strong><\/li><li><strong>Pristina, Kosovo<\/strong><\/li><\/ul><p>Ob Sie eine <strong>Luxus-Chauffeur in Tirana<\/strong>, a <strong>Gesch\u00e4ftlicher Flughafentransfer in Albanien<\/strong>, oder ein mehrt\u00e4giger regionaler Transportplan, unser Team stellt sicher, dass jede Bewegung mit Professionalit\u00e4t und Pr\u00e4zision ausgef\u00fchrt wird.<\/p><h2>Warum Aria Travel Albanien<\/h2><p>Aria Travel Albania vereint die Effizienz, die f\u00fcr die Logistik von Unternehmen erforderlich ist, mit der W\u00e4rme und Raffinesse eines Boutique-Balkan-Reiseveranstalters.<\/p><ul><li><strong>Ma\u00dfgeschneiderte Planung<\/strong> f\u00fcr jede Delegation, jede Reiseroute und jeden Veranstaltungsplan<\/li><li><strong>Tiefgreifendes regionales Wissen<\/strong> in Albanien und auf dem Balkan<\/li><li><strong>Premium-Service-Standards<\/strong> mit einem Boutique-Hospitality-Gedanken<\/li><li><strong>Zuverl\u00e4ssige Unterst\u00fctzung vor Ort<\/strong> vor, w\u00e4hrend und nach jeder Reise<\/li><li><strong>Flexible L\u00f6sungen<\/strong> f\u00fcr Konferenzen, Gesch\u00e4ftsreisen, Incentive-Reisen und VIP-Bewegungen<\/li><\/ul><h2>Planen Sie eine Veranstaltung?<\/h2><p>\u00dcberlassen Sie unserem Logistikteam die Details. Wir erstellen ma\u00dfgeschneiderte Eventpl\u00e4ne f\u00fcr Konferenzen, Besuche von F\u00fchrungskr\u00e4ften, Incentive-Programme und grenz\u00fcberschreitende Gesch\u00e4ftsreisen.<\/p><p><strong>MICE-Angebot anfordern<\/strong> und lassen Sie uns eine nahtlose, erstklassige Transportl\u00f6sung f\u00fcr Ihre n\u00e4chste Veranstaltung in Albanien und auf dem Balkan entwickeln.<\/p><h2>H\u00e4ufig gestellte Fragen<\/h2><h3>1. Bieten Sie MICE-Transporte in Albanien f\u00fcr Konferenzen und Firmenveranstaltungen an?<\/h3><p>Ja. Aria Travel Albania bietet ma\u00dfgeschneiderte MICE-Transportdienste f\u00fcr Konferenzen, Gesch\u00e4ftstreffen, Incentive-Reisen, Galas, Ausstellungen und Gesch\u00e4ftsreisen von F\u00fchrungskr\u00e4ften in ganz Albanien und dem Balkan. Wir koordinieren Flughafentransfers, Transfers zu Veranstaltungsorten, Hotel-Shuttles und die gesamte Transportlogistik von Veranstaltungen.<\/p><h3>2. K\u00f6nnen Sie grenz\u00fcberschreitenden Transport f\u00fcr F\u00fchrungskr\u00e4fte zwischen Albanien, Montenegro und dem Kosovo arrangieren?<\/h3><p>Ja. Wir bieten grenz\u00fcberschreitende Exekutivtransporte zwischen Albanien, Montenegro, Kosovo und anderen Balkanl\u00e4ndern an. Unser Team managt Routenplanung, Zeitplanung und operative Koordination, um reibungslose Reisen f\u00fcr Firmengruppen, VIP-G\u00e4ste und Gesch\u00e4ftsdelegationen zu gew\u00e4hrleisten.<\/p><h3>3. Bieten Sie Flughafentransfers vom internationalen Flughafen Tirana an?<\/h3><p>Ja. Wir bieten Flughafentransfers f\u00fcr F\u00fchrungskr\u00e4fte vom internationalen Flughafen Tirana (TIA) f\u00fcr Einzelpersonen, Gesch\u00e4ftskunden, VIP-G\u00e4ste und Gruppen an. Wir organisieren auch einen Meet-and-Greet-Service, flugabh\u00e4ngige Zeitplanung und Weiterfahrten zu Hotels, Veranstaltungsorten und Zielen in ganz Albanien.<\/p><h3>4. K\u00f6nnen Sie den Transport f\u00fcr gro\u00dfe Delegationen und Firmengruppen organisieren?<\/h3><p>Ja. Aria Travel Albania kann den Transport f\u00fcr gro\u00dfe Delegationen, Konferenzen, Business-Gruppen und Incentive-Veranstaltungen organisieren. Wir bieten skalierbare Transportl\u00f6sungen, darunter Executive-Limousinen, Luxus-SUVs, Premium-Minivans, Sprinter und Reisebusse, je nach Gruppengr\u00f6\u00dfe und Veranstaltungsanforderungen.<\/p><h3>5. Sprechen Ihre Fahrer Englisch?<\/h3><p>Ja. Wir arbeiten mit professionellen Fahrern und Koordinationsteams zusammen, die internationale Reisende auf Englisch unterst\u00fctzen und bei einer reibungslosen Kommunikation w\u00e4hrend der gesamten Reise helfen k\u00f6nnen.<\/p><h3>6. Welche Fahrzeugtypen bieten Sie f\u00fcr den Executive- und Eventtransport an?<\/h3><p>Unsere Flotte umfasst Mercedes Benz S-Klasse und Audi A8 Limousinen f\u00fcr individuelle Reisende, luxuri\u00f6se Toyota Land Cruiser SUVs f\u00fcr Premium-Transfers, Premium-Mercedes Benz V-Klasse Minivans f\u00fcr Kleingruppen, Executive Mercedes Benz Sprinter f\u00fcr mittelgro\u00dfe Delegationen und Mercedes Benz Setra Reisebusse f\u00fcr Gro\u00dfveranstaltungen und Konferenzen.<\/p><h3>7. Welche Ziele und Drehkreuze bedienen Sie?<\/h3><p>Wir bedienen wichtige Reiseziele und Verkehrsknotenpunkte in ganz Albanien und auf dem Balkan, darunter Tirana, den internationalen Flughafen Tirana, Durr\u00ebs, Vlora, Gjirokast\u00ebr, Shkod\u00ebr, Budva, Kotor, Peja und Pristina, Skopje. Die Dienstleistungen werden auf jeden Reiseplan, jede Veranstaltung oder jeden Gesch\u00e4ftsplan zugeschnitten.<\/p><h3>8. Bieten Sie Chauffeurdienste f\u00fcr VIPs und F\u00fchrungskr\u00e4fte an?<\/h3><p>Ja. Wir bieten erstklassige Chauffeursdienste f\u00fcr F\u00fchrungskr\u00e4fte, Redner, Diplomaten, VIP-G\u00e4ste und Privatreisende, die Komfort, Diskretion, Zuverl\u00e4ssigkeit und professionelle Unterst\u00fctzung vor Ort ben\u00f6tigen.<\/p><h3>K\u00f6nnen Sie den Transport f\u00fcr Incentive-Reisen und mehrt\u00e4gige Veranstaltungen koordinieren?<\/h3><p>Ja. Wir koordinieren den Transport f\u00fcr Incentive-Programme, Retreats, Roadshows und mehrt\u00e4gige Firmenevents. Dies umfasst Flughafentransfers, t\u00e4gliche Fahrpl\u00e4ne, Transfers zu Veranstaltungsorten, Transport zu Galaabenden und regionale Fahrten \u00fcber mehrere Ziele hinweg.<\/p><h3>10. Bieten Sie 24\/7-Support w\u00e4hrend Veranstaltungen, Touren und Transfers an?<\/h3><p>Ja. Unser Team bietet rund um die Uhr operative Unterst\u00fctzung f\u00fcr MICE-Services sowie f\u00fcr G\u00e4stebetreuung und Transportdienste und hilft unseren Kunden bei der Bew\u00e4ltigung von Termin\u00e4nderungen, Flugaktualisierungen und der Live-Koordination w\u00e4hrend der Reise oder Veranstaltung.\u00a0<\/p>\t\t\t\t\t\t\t\t<\/div>\n\t\t\t\t<\/div>\n\t\t\t\t\t<\/div>\n\t\t\t\t<\/div>\n\t\t\t\t<\/div>","protected":false},"excerpt":{"rendered":"<p>MICE &amp; Executive Transportation in Albania Bespoke MICE logistics, executive transfers, and premium chauffeur services across Albania, Montenegro, Kosovo, and the wider Balkans. Aria Travel Albania delivers premium MICE transport and executive chauffeur services for corporate events, incentive travel, VIP delegations, and multi-day business itineraries across the Balkans. From airport transfers in Tirana to cross-border [&hellip;]<\/p>\n","protected":false},"author":1,"featured_media":22168,"parent":0,"menu_order":0,"comment_status":"closed","ping_status":"closed","template":"","meta":{"footnotes":""},"class_list":["post-22165","page","type-page","status-publish","has-post-thumbnail","hentry"],"_hostinger_reach_plugin_has_subscription_block":false,"_hostinger_reach_plugin_is_elementor":false,"_links":{"self":[{"href":"https:\/\/www.ariatravelalbania.com\/de\/wp-json\/wp\/v2\/pages\/22165","targetHints":{"allow":["GET"]}}],"collection":[{"href":"https:\/\/www.ariatravelalbania.com\/de\/wp-json\/wp\/v2\/pages"}],"about":[{"href":"https:\/\/www.ariatravelalbania.com\/de\/wp-json\/wp\/v2\/types\/page"}],"author":[{"embeddable":true,"href":"https:\/\/www.ariatravelalbania.com\/de\/wp-json\/wp\/v2\/users\/1"}],"replies":[{"embeddable":true,"href":"https:\/\/www.ariatravelalbania.com\/de\/wp-json\/wp\/v2\/comments?post=22165"}],"version-history":[{"count":0,"href":"https:\/\/www.ariatravelalbania.com\/de\/wp-json\/wp\/v2\/pages\/22165\/revisions"}],"wp:featuredmedia":[{"embeddable":true,"href":"https:\/\/www.ariatravelalbania.com\/de\/wp-json\/wp\/v2\/media\/22168"}],"wp:attachment":[{"href":"https:\/\/www.ariatravelalbania.com\/de\/wp-json\/wp\/v2\/media?parent=22165"}],"curies":[{"name":"wp","href":"https:\/\/api.w.org\/{rel}","templated":true}]}}