{"id":21249,"date":"2025-11-14T10:16:08","date_gmt":"2025-11-14T10:16:08","guid":{"rendered":"https:\/\/www.ariatravelalbania.com\/?page_id=21249"},"modified":"2025-11-14T10:16:08","modified_gmt":"2025-11-14T10:16:08","slug":"albanien-luxus-transport","status":"publish","type":"page","link":"https:\/\/www.ariatravelalbania.com\/de\/albania-luxury-transport\/","title":{"rendered":"Albanien Luxustransport"},"content":{"rendered":"<p><strong>Albanien Luxustransport<\/strong><\/p>\n<p>&nbsp;<\/p>\n<h3>\u2728 <b>Luxus in Bewegung: Ma\u00dfgeschneiderte Bodenreisen in Albanien<\/b><\/h3>\n<p>&nbsp;<\/p>\n<p data-path-to-node=\"4\">F\u00fcr Reisende, die nur das Beste wollen, <b>Ariatravelalbania.com<\/b> bietet Bodendienste, die den albanischen Luxus neu definieren. Wir sorgen nicht nur f\u00fcr den Transport, sondern f\u00fcr ein raffiniertes Reiseerlebnis, bei dem jeder Moment in h\u00f6chstem Komfort und Privatsph\u00e4re verbracht wird.<\/p>\n<p data-path-to-node=\"5\">Wir wissen, dass Ihre Zeit Ihr wertvollstes Gut ist. Deshalb ist unser Service so konzipiert, dass er unsichtbar, intuitiv und perfekt auf Ihre anspruchsvollen Anforderungen zugeschnitten ist.<\/p>\n<ul data-path-to-node=\"6\">\n<li>\n<p data-path-to-node=\"6,0,0\"><b>Diskrete VIP-Transfers:<\/b> M\u00fchelose, koordinierte Transfers vom internationalen Flughafen Tirana (TIA) oder jedem anderen Ort auf dem Balkan, mit <b>Flugverfolgung in Echtzeit<\/b> und einen pers\u00f6nlichen, stillen Begr\u00fc\u00dfungsdienst.<\/p>\n<\/li>\n<li>\n<p data-path-to-node=\"6,1,0\"><b>Der Executive Standard:<\/b> Unsere Fahrzeuge werden aufgrund ihres \u00fcberragenden Komforts und ihres Prestiges ausgew\u00e4hlt - der Goldstandard f\u00fcr Gesch\u00e4ftsreisen, hochkar\u00e4tige Veranstaltungen und Fahrten zwischen St\u00e4dten. Erwarten Sie <b>Premium-Lederausstattung, Klimatisierung und Wi-Fi an Bord<\/b>.<\/p>\n<\/li>\n<li>\n<p data-path-to-node=\"6,2,0\"><b>Personalisierte Reiserouten:<\/b> Sie brauchen einen Chauffeur f\u00fcr 12 Stunden? Einen Privatwagen, der Sie von Tirana nach Sarand\u00eb mit einem Zwischenstopp in Berat bringt? Unser Team entwirft Ihre Route mit <b>ultimative Flexibilit\u00e4t<\/b>, So k\u00f6nnen au\u00dferplanm\u00e4\u00dfige Stopps und \u00c4nderungen in letzter Minute ohne Z\u00f6gern vorgenommen werden.<\/p>\n<\/li>\n<\/ul>\n<p data-path-to-node=\"7\"><b>Mit uns wird Ihre Reise durch Albanien zu einer nahtlosen Erweiterung Ihres luxuri\u00f6sen Lebensstils.<\/b><\/p>\n<hr data-path-to-node=\"8\" \/>\n<h3>Unsere exklusive Flotte &amp; Dienstleistungen<\/h3>\n<p>&nbsp;<\/p>\n<p data-path-to-node=\"10\">Um den vielf\u00e4ltigen Anspr\u00fcchen unserer Kunden gerecht zu werden, verf\u00fcgen wir \u00fcber eine umfangreiche Flotte moderner, makelloser Fahrzeuge, die von professionellen, mehrsprachigen Chauffeuren gefahren werden. Wir bieten ma\u00dfgeschneiderte L\u00f6sungen f\u00fcr Einzelpersonen, kleine Gruppen, Unternehmensdelegationen und gro\u00dfe Luxusreisen.<\/p>\n<table data-path-to-node=\"11\">\n<thead>\n<tr>\n<td><strong>Fahrzeugklasse<\/strong><\/td>\n<td><strong>Beispielhafte Modelle<\/strong><\/td>\n<td><strong>Ideal f\u00fcr<\/strong><\/td>\n<\/tr>\n<\/thead>\n<tbody>\n<tr>\n<td data-path-to-node=\"11,1,0,0\"><b>Erste-Klasse-Limousine<\/b><\/td>\n<td data-path-to-node=\"11,1,1,0\"><b>Mercedes-Benz S-Klasse<\/b><\/td>\n<td data-path-to-node=\"11,1,2,0\">Diplomatischer Service, hochkar\u00e4tige Transfers und ultimativer pers\u00f6nlicher Luxus.<\/td>\n<\/tr>\n<tr>\n<td data-path-to-node=\"11,2,0,0\"><b>Luxuslimousine<\/b><\/td>\n<td data-path-to-node=\"11,2,1,0\"><b>Audi A8<\/b><\/td>\n<td data-path-to-node=\"11,2,2,0\">Gesch\u00e4ftsreisen, Langstreckentransfers zwischen St\u00e4dten und Reisen f\u00fcr Premium-Paare.<\/td>\n<\/tr>\n<tr>\n<td data-path-to-node=\"11,3,0,0\"><b>VIP-Wagen<\/b><\/td>\n<td data-path-to-node=\"11,3,1,0\"><b>Mercedes-Benz V-Klasse<\/b><\/td>\n<td data-path-to-node=\"11,3,2,0\">Familientransfers, kleine Gruppen (bis zu 7 Personen) und diskrete Transporte.<\/td>\n<\/tr>\n<tr>\n<td data-path-to-node=\"11,4,0,0\"><b>Luxus-Kleinbus<\/b><\/td>\n<td data-path-to-node=\"11,4,1,0\"><b>Mercedes-Benz Sprinter-Luxusbus<\/b><\/td>\n<td data-path-to-node=\"11,4,2,0\">Gr\u00f6\u00dfere Gruppenreisen, Roadshows und komfortable Gruppenreisen mit erweiterten Annehmlichkeiten.<\/td>\n<\/tr>\n<tr>\n<td data-path-to-node=\"11,5,0,0\"><b>Premium Coach<\/b><\/td>\n<td data-path-to-node=\"11,5,1,0\"><b>Mercedes-Benz Setra Bus<\/b><\/td>\n<td data-path-to-node=\"11,5,2,0\">Gro\u00df angelegte Luxusreisen, Langstreckenreisen, die Sicherheit, Komfort und Platz bieten.<\/td>\n<\/tr>\n<\/tbody>\n<\/table>\n<h4><b>Ein Hinweis auf die Exzellenz von Gruppenreisen<\/b><\/h4>\n<p>&nbsp;<\/p>\n<p data-path-to-node=\"13\">F\u00fcr unsere gr\u00f6\u00dferen Gruppen ist die <b>Mercedes-Benz Sprinter-Luxusbus<\/b> und <b>Mercedes-Benz Setra Bus<\/b> sind so ausgestattet, dass auch bei gr\u00f6\u00dferer Kapazit\u00e4t die h\u00f6chsten Komfort- und Sicherheitsstandards eingehalten werden k\u00f6nnen. Das bedeutet, dass alle Fahrg\u00e4ste erstklassige Sitze, Klimatisierung und die Gewissheit genie\u00dfen, dass sie mit branchenf\u00fchrender deutscher Technik ausgestattet sind.<\/p>\n<h4><b>Die wichtigsten Dienstleistungen umfassen:<\/b><\/h4>\n<p>&nbsp;<\/p>\n<ul data-path-to-node=\"15\">\n<li>\n<p data-path-to-node=\"15,0,0\"><b>VIP-Flughafentransfers (TIA):<\/b> Nahtloser T\u00fcr-zu-T\u00fcr-Service zwischen dem Flughafen und Ihrer Wohnung oder Ihrem Hotel.<\/p>\n<\/li>\n<li>\n<p data-path-to-node=\"15,1,0\"><b>Stundenweiser Chauffeurdienst:<\/b> Ein eigenes Fahrzeug und ein Fahrer stehen Ihnen f\u00fcr einen bestimmten Zeitraum zur Verf\u00fcgung.<\/p>\n<\/li>\n<li>\n<p data-path-to-node=\"15,2,0\"><b>Private Fahrten zwischen St\u00e4dten:<\/b> Luxuri\u00f6ses und effizientes Reisen zwischen gro\u00dfen albanischen und regionalen St\u00e4dten.<\/p>\n<\/li>\n<li>\n<p data-path-to-node=\"15,3,0\"><b>Unternehmens- und Diplomatenverkehr:<\/b> Diskrete, sichere Dienstleistungen f\u00fcr Delegationen, gro\u00dfe Firmengruppen und hochrangige G\u00e4ste.<\/p>\n<\/li>\n<\/ul>\n<h3>Unerreichte Vielseitigkeit. Absoluter Luxus.<\/h3>\n<p>&nbsp;<\/p>\n<p data-path-to-node=\"4\">Das umfangreiche Angebot an Fahrzeugen bei <b>Aria Travel Albanien<\/b>\u00a0ist ein Beweis f\u00fcr unser Engagement, jeden Aspekt von Luxusreisen in Albanien zu bedienen - unabh\u00e4ngig von Umfang und Komplexit\u00e4t.<\/p>\n<p data-path-to-node=\"5\">Wir gehen nahtlos vom Pers\u00f6nlichen zum Repr\u00e4sentativen \u00fcber und bieten L\u00f6sungen f\u00fcr jeden Bedarf:<\/p>\n<blockquote data-path-to-node=\"6\">\n<p data-path-to-node=\"6,0\">\u201cOb Sie eine <b>diskret, First Class Limousine (Mercedes S-Klasse)<\/b> f\u00fcr eine Versetzung von F\u00fchrungskr\u00e4ften oder f\u00fcr die Organisation einer ganzen <b>Gro\u00df angelegte Luxusreise<\/b> den Komfort und die Sicherheit unserer <b>Mercedes-Benz Setra Reisebusse<\/b>, Ariatravelalbania bietet <b>ununterbrochener F\u00fcnf-Sterne-Service<\/b> f\u00fcr Ihre gesamte Reiseroute. Diese umfassende Fahrzeugkollektion erweitert die Marktattraktivit\u00e4t erheblich und stellt sicher, dass wir von einer einzelnen VIP-Flughafenfahrt bis hin zur anspruchsvollsten Gruppenreiselogistik alles abdecken k\u00f6nnen.\u201d<\/p>\n<\/blockquote>\n<p data-path-to-node=\"7\"><b>H\u00f6ren Sie auf, komplexe Logistik zu koordinieren, und genie\u00dfen Sie Ihre Reise.<\/b><\/p>\n<p data-path-to-node=\"8\"><b>Kontaktieren Sie uns heute<\/b> um Ihre umfassenden Reisebed\u00fcrfnisse in ein einziges, nahtloses Luxuserlebnis zu verwandeln, das genau auf Sie zugeschnitten ist.<\/p>\n<p data-path-to-node=\"8\">WhatsApp: +355692234999<\/p>","protected":false},"excerpt":{"rendered":"<p>Albania Luxury Transport &nbsp; \u2728 Luxury in Motion: Bespoke Ground Travel in Albania &nbsp; For the traveler who demands the absolute best, Ariatravelalbania.com offers ground services that redefine Albanian luxury. We don&#8217;t just provide transportation; we curate a refined travel experience where every moment is spent in utmost comfort and privacy. We understand that your [&hellip;]<\/p>\n","protected":false},"author":1,"featured_media":21253,"parent":0,"menu_order":0,"comment_status":"closed","ping_status":"closed","template":"template-cars-search.php","meta":{"footnotes":""},"class_list":["post-21249","page","type-page","status-publish","has-post-thumbnail","hentry"],"_hostinger_reach_plugin_has_subscription_block":false,"_hostinger_reach_plugin_is_elementor":false,"_links":{"self":[{"href":"https:\/\/www.ariatravelalbania.com\/de\/wp-json\/wp\/v2\/pages\/21249","targetHints":{"allow":["GET"]}}],"collection":[{"href":"https:\/\/www.ariatravelalbania.com\/de\/wp-json\/wp\/v2\/pages"}],"about":[{"href":"https:\/\/www.ariatravelalbania.com\/de\/wp-json\/wp\/v2\/types\/page"}],"author":[{"embeddable":true,"href":"https:\/\/www.ariatravelalbania.com\/de\/wp-json\/wp\/v2\/users\/1"}],"replies":[{"embeddable":true,"href":"https:\/\/www.ariatravelalbania.com\/de\/wp-json\/wp\/v2\/comments?post=21249"}],"version-history":[{"count":0,"href":"https:\/\/www.ariatravelalbania.com\/de\/wp-json\/wp\/v2\/pages\/21249\/revisions"}],"wp:featuredmedia":[{"embeddable":true,"href":"https:\/\/www.ariatravelalbania.com\/de\/wp-json\/wp\/v2\/media\/21253"}],"wp:attachment":[{"href":"https:\/\/www.ariatravelalbania.com\/de\/wp-json\/wp\/v2\/media?parent=21249"}],"curies":[{"name":"wp","href":"https:\/\/api.w.org\/{rel}","templated":true}]}}